{"id":1369,"date":"2016-02-01T23:52:23","date_gmt":"2016-02-02T07:52:23","guid":{"rendered":"http:\/\/roots.nwcdc.coop\/es\/?page_id=1369"},"modified":"2016-02-01T23:52:23","modified_gmt":"2016-02-02T07:52:23","slug":"contactenos","status":"publish","type":"page","link":"http:\/\/roots.nwcdc.coop\/es\/contactenos\/","title":{"rendered":"Cont\u00e1ctenos"},"content":{"rendered":"<h5>Si tiene preguntas o comentarios por favor cont\u00e1ctenos v\u00eda correo electr\u00f3nico a: <span style=\"color: #0000ff;\"><a style=\"color: #0000ff;\" href=\"mailto:maijalee@hotmail.com\">maijalee@hotmail.com<\/a><\/span>\u00a0o llame al: 360-943-4241.<\/h5>\n<h5><span style=\"color: #008000;\">Tambi\u00e9n nos puede enviar una nota aqu\u00ed:<\/span><\/h5>\n<div class=\"entry-content\">\n<div id=\"vfb-form-3\" class=\"visual-form-builder-container\">\n<form id=\"contact-us-3\" class=\"visual-form-builder vfb-form-3 \" enctype=\"multipart\/form-data\" method=\"post\" novalidate=\"novalidate\">\n<fieldset id=\"item-vfb-37\" class=\"vfb-fieldset vfb-fieldset-1 contact \">\n<div class=\"vfb-legend\">\n<h3>Contacto<\/h3>\n<p><label class=\"vfb-desc\" for=\"vfb-43\">Fecha \u00a0 \u00a0 \u00a0\u00a0<\/label><input id=\"vfb-43\" class=\"vfb-text vfb-date-picker  vfb-medium   hasDatepicker\" name=\"vfb-43\" type=\"text\" value=\"\" data-dp-dateformat=\"mm\/dd\/yy\" \/><br \/>\n<label class=\"vfb-desc\" style=\"color: #141412; font-family: 'Source Sans Pro', Helvetica, sans-serif; font-size: 16px; line-height: 1.5; background-color: #ffffff;\" for=\"vfb-46\"><br \/>\nNombre\u00a0 \u00a0<\/label><input id=\"vfb-46\" class=\"vfb-text  vfb-medium   \" name=\"vfb-46\" type=\"text\" value=\"\" \/><\/p>\n<p>Apellido<label class=\"vfb-desc\" style=\"color: #141412; font-family: 'Source Sans Pro', Helvetica, sans-serif; font-size: 16px; line-height: 1.5; background-color: #ffffff;\" for=\"vfb-47\">\u00a0\u00a0\u00a0<\/label><input id=\"vfb-47\" class=\"vfb-text  vfb-medium   \" name=\"vfb-47\" type=\"text\" value=\"\" \/><br \/>\n<label class=\"vfb-desc\" style=\"color: #141412; font-family: 'Source Sans Pro', Helvetica, sans-serif; font-size: 16px; line-height: 1.5; background-color: #ffffff;\" for=\"vfb-42\"><br \/>\nCorreo<br \/>\nElectronico \u00a0\u00a0<\/label><input id=\"vfb-42\" class=\"vfb-text  vfb-medium   email \" name=\"vfb-42\" type=\"email\" value=\"\" \/><\/p>\n<p><label class=\"vfb-desc\" style=\"color: #141412; font-family: 'Source Sans Pro', Helvetica, sans-serif; font-size: 16px; line-height: 1.5; background-color: #ffffff;\" for=\"vfb-44\">Numero \u00a0\u00a0<\/label><input id=\"vfb-44\" class=\"vfb-text  vfb-medium   digits \" name=\"vfb-44\" type=\"text\" value=\"\" \/><\/p>\n<p><label class=\"vfb-desc\" for=\"vfb-45\">Texto\u00a0<\/label><span class=\"vfb-span\"><label>Comentario \/ Pregunta:<br \/>\n<\/label><\/span><textarea id=\"vfb-45\" class=\"vfb-textarea  vfb-medium  \" style=\"margin: 0px; width: 523px; height: 137px;\" name=\"vfb-45\"><\/textarea><\/p>\n<p>Verification<\/p>\n<p><input id=\"vfb-40\" class=\"vfb-submit \" name=\"vfb-submit\" type=\"submit\" value=\"Submit\" \/><\/p>\n<\/div>\n<\/fieldset>\n<\/form>\n<\/div>\n<\/div>\n<footer class=\"entry-meta\"><span class=\"edit-link\"><a class=\"post-edit-link\" href=\"http:\/\/roots.nwcdc.coop\/wp-admin\/post.php?post=1172&amp;action=edit&amp;lang=en\">Edit<\/a><\/span><\/footer>\n<h3><\/h3>\n","protected":false},"excerpt":{"rendered":"<p>Si tiene preguntas o comentarios por favor cont\u00e1ctenos v\u00eda correo electr\u00f3nico a: maijalee@hotmail.com\u00a0o llame al: 360-943-4241. Tambi\u00e9n nos puede enviar una nota aqu\u00ed: Contacto Fecha \u00a0 \u00a0 \u00a0\u00a0 Nombre\u00a0 \u00a0 Apellido\u00a0\u00a0\u00a0 Correo Electronico \u00a0\u00a0 Numero \u00a0\u00a0 Texto\u00a0Comentario \/ Pregunta: Verification Edit<\/p>\n","protected":false},"author":3,"featured_media":0,"parent":0,"menu_order":0,"comment_status":"closed","ping_status":"closed","template":"","meta":[],"_links":{"self":[{"href":"http:\/\/roots.nwcdc.coop\/es\/wp-json\/wp\/v2\/pages\/1369"}],"collection":[{"href":"http:\/\/roots.nwcdc.coop\/es\/wp-json\/wp\/v2\/pages"}],"about":[{"href":"http:\/\/roots.nwcdc.coop\/es\/wp-json\/wp\/v2\/types\/page"}],"author":[{"embeddable":true,"href":"http:\/\/roots.nwcdc.coop\/es\/wp-json\/wp\/v2\/users\/3"}],"replies":[{"embeddable":true,"href":"http:\/\/roots.nwcdc.coop\/es\/wp-json\/wp\/v2\/comments?post=1369"}],"version-history":[{"count":1,"href":"http:\/\/roots.nwcdc.coop\/es\/wp-json\/wp\/v2\/pages\/1369\/revisions"}],"predecessor-version":[{"id":1371,"href":"http:\/\/roots.nwcdc.coop\/es\/wp-json\/wp\/v2\/pages\/1369\/revisions\/1371"}],"wp:attachment":[{"href":"http:\/\/roots.nwcdc.coop\/es\/wp-json\/wp\/v2\/media?parent=1369"}],"curies":[{"name":"wp","href":"https:\/\/api.w.org\/{rel}","templated":true}]}}