{"id":1361,"date":"2016-02-01T21:57:49","date_gmt":"2016-02-02T05:57:49","guid":{"rendered":"http:\/\/roots.nwcdc.coop\/es\/?page_id=1361"},"modified":"2016-02-01T21:57:49","modified_gmt":"2016-02-02T05:57:49","slug":"grupo-para-jovenes","status":"publish","type":"page","link":"http:\/\/roots.nwcdc.coop\/es\/grupo-para-jovenes\/","title":{"rendered":"Grupo para J\u00f3venes"},"content":{"rendered":"<p><a href=\"http:\/\/roots.nwcdc.coop\/wp-content\/uploads\/2016\/02\/Youth-Track-ESP.png\" rel=\"attachment wp-att-1363\"><img loading=\"lazy\" class=\"wp-image-1363 aligncenter\" src=\"http:\/\/roots.nwcdc.coop\/wp-content\/uploads\/2016\/02\/Youth-Track-ESP-300x168.png\" alt=\"Youth Track ESP\" width=\"600\" height=\"336\" srcset=\"http:\/\/roots.nwcdc.coop\/wp-content\/uploads\/2016\/02\/Youth-Track-ESP-300x168.png 300w, http:\/\/roots.nwcdc.coop\/wp-content\/uploads\/2016\/02\/Youth-Track-ESP.png 641w\" sizes=\"(max-width: 600px) 100vw, 600px\" \/><\/a><\/p>\n<h5 style=\"text-align: center;\"><strong>!Estamos muy contentos de anunciar que tendremos un\u00a0<\/strong><strong><span style=\"color: #008000;\">Grupo Para\u00a0<\/span><span style=\"color: #008000;\">J\u00f3venes<\/span>\u00a0<\/strong><strong>en la Conferencia cultivado las Ra\u00edces de las Cooperativas de este a\u00f1o!<\/strong><\/h5>\n<h5 style=\"text-align: center;\"><span style=\"color: #ff9900;\"><a style=\"color: #ff9900;\" href=\"http:\/\/roots.nwcdc.coop\/funding-options-for-attendees\/\"><strong>Tenemos fondos para Becas, solicite Hoy Mismo!<\/strong><\/a><\/span><\/h5>\n<h5 style=\"text-align: left;\"><span style=\"color: #008000;\"><strong>Detalles del Grupo para J\u00f3venes:<\/strong><\/span><\/h5>\n<p>Nos hemos asociado con\u00a0<span style=\"color: #ff9900;\"><strong><a style=\"color: #ff9900;\" href=\"http:\/\/www.cofed.coop\/\">CoF<\/a><\/strong><strong>ED,\u00a0<\/strong><a style=\"color: #ff9900;\" href=\"https:\/\/www.nasco.coop\/\"><strong>N<\/strong><\/a><strong>ASCO<\/strong>,\u00a0<a style=\"color: #ff9900;\" href=\"https:\/\/youth.coop\/\"><strong>Cooperativa Consejo Juvenil<\/strong><\/a><\/span>, y<a href=\"http:\/\/www.aynah.org\/\"><strong>\u00a0<\/strong><span style=\"color: #ff9900;\"><strong>Aynah<\/strong><\/span><\/a> para ofrecer una serie de talleres y eventos que les facilitar\u00e1 las herramientas y conexiones necesarias para iniciar o fortalecer su cooperativa.<\/p>\n<p><span style=\"color: #ff9900;\"><strong><a style=\"color: #ff9900;\" href=\"http:\/\/roots.nwcdc.coop\/speakers\/\">Anna Isaacs\u00a0<\/a><\/strong><\/span> de\u00a0<strong><span style=\"color: #ff9900;\"><a style=\"color: #ff9900;\" href=\"http:\/\/www.cofed.coop\/\">CoFed<\/a><\/span><\/strong>\u00a0estar\u00e1 facilitando este d\u00eda la sesi\u00f3n, dise\u00f1ada para que personas menores de 30 a\u00f1os se conecten y aprendan unos de otros. La siguiente generaci\u00f3n enfrentar\u00e1 a los retos m\u00e1s duros al heredar pocas oportunidades de empleo y un mundo haci\u00e9ndole frente al cambio clim\u00e1tico, inseguridad de alimentos y una multitud de otros problemas. De manera que los j\u00f3venes est\u00e1n tomando medidas, en todo desde La Vida de los Negros es Importante a\u00a0 la desinversi\u00f3n de combustibles f\u00f3siles. El Grupo para J\u00f3venes sirve como un espacio para entender los problemas a los que se enfrentan nuestras comunidades y prever soluciones de gran alcance para crear un cambio a trav\u00e9s del modelo cooperativo.<\/p>\n<h5 style=\"text-align: center;\"><strong>10:00 am-12:00 pm \u2013 Las Cooperativas como un Veh\u00edculo para la Justicia Social<\/strong><\/h5>\n<h5 style=\"text-align: center;\"><strong>12:00-1:00 pm \u2013 Almuerzo de trabajo patrocinado por la\u00a0<\/strong><span style=\"color: #ff9900;\"><a style=\"color: #ff9900;\" href=\"http:\/\/www.mainmarket.coop\/the-market\"><strong>Cooperativa Mercado Principal<\/strong><\/a><\/span><\/h5>\n<h5 style=\"text-align: center;\"><strong>1:00-3:00 pm \u2013 Movimiento Cooperativo y Proyecto Visi\u00f3n<\/strong><\/h5>\n<p>Despu\u00e9s de las se invita a los participantes a participar en una de las sesiones por la tarde.\u00a0<span style=\"color: #ff9900;\">\u00a0<a style=\"color: #ff9900;\" href=\"http:\/\/roots.nwcdc.coop\/schedule\/sessions-2\/\"><strong>Escoja su sesi\u00f3n ahora!<\/strong><\/a><\/span><\/p>\n<h5><span style=\"color: #008000;\"><strong>S\u00e1bado 6 de Febrero \u2013<\/strong><\/span><\/h5>\n<p>12 Talleres y Sesiones,\u00a0<span style=\"color: #ff9900;\"><a style=\"color: #ff9900;\" href=\"http:\/\/roots.nwcdc.coop\/keynote-address\/\"> <strong>Discurso<\/strong><strong> Inaugural<\/strong> por David Thompson<\/a><\/span>,\u00a0Presidente de la Fundaci\u00f3n de la Cooperativa Twin Pines, una Sesi\u00f3n de Posters, una Recepci\u00f3n, y una\u00a0<span style=\"color: #ff9900;\"><a style=\"color: #ff9900;\" href=\"http:\/\/roots.nwcdc.coop\/community-participation\/local-foods-dinner\/\">Cena Alimentos Locales<\/a>.\u00a0<a style=\"color: #ff9900;\" href=\"http:\/\/roots.nwcdc.coop\/schedule\/workshops\/\"><strong>Explore the<\/strong><strong>\u00a0<\/strong><strong>Saturday Schedule.<\/strong><\/a><\/span><\/p>\n<p><span style=\"color: #ff9900;\"><strong><span style=\"color: #000000;\">12:00-1:30 pm \u2013 Almuerzo de trabajo patrocinado por<\/span>\u00a0<\/strong><a style=\"color: #ff9900;\" href=\"http:\/\/www.mainmarket.coop\/the-market\"><strong>Cooperativa Mercado Principal<\/strong><\/a><\/span><\/p>\n<p><strong><span style=\"color: #008000;\">Almuerzo Gratis<\/span> \u2013<\/strong>\u00a0Dos \u2018almuerzos de trabajo\u2019 generosamente donados por la Cooperativa Mercado Principal de Spokane.\u00a0 Durante al almuerzo compartiremos historias de nuestra experiencia con cooperativas y discutiremos de las cooperativas hoy d\u00eda y en el futuro.\u00a0Gracias\u00a0<span style=\"color: #ff9900;\"><a style=\"color: #ff9900;\" href=\"http:\/\/www.mainmarket.coop\/the-market\"><strong>Cooperativa Mercado Principal!!!<\/strong><\/a><\/span><\/p>\n<p><strong><span style=\"color: #008000;\">Sesi\u00f3n de Posters<\/span> \u2013<\/strong>\u00a0Nos gustar\u00eda destacar las cooperativas nuevos o en curso, ideas innovadoras y proyectos interesantes durante nuestra sesi\u00f3n de posters y la recepci\u00f3n el s\u00e1bado por la noche despu\u00e9s del\u00a0<span style=\"color: #ff9900;\"><a style=\"color: #ff9900;\" href=\"http:\/\/roots.nwcdc.coop\/keynote-address\/\"><strong>Discurso<\/strong><\/a><strong> Inaugural<\/strong><\/span><strong>.\u00a0 Si tiene algo para compartir\u00a0<\/strong><span style=\"color: #ff9900;\"><a style=\"color: #ff9900;\" href=\"http:\/\/roots.nwcdc.coop\/submit-and-abstract\/\"><strong>env\u00ede<\/strong><\/a><strong> su resumen<\/strong><\/span><strong>\u00a0antes del 29 de enero. <\/strong><\/p>\n<h5><span style=\"color: #008000;\"><strong>Domingo 7 de Febrero \u2013<\/strong><\/span><\/h5>\n<p><span style=\"color: #008000;\"><strong>Excursiones<\/strong><\/span>\u00a0\u2013\u00a0Por un costo adicional de ($10-$20), elije de entre\u00a0<span style=\"color: #ff9900;\"><a style=\"color: #ff9900;\" href=\"http:\/\/roots.nwcdc.coop\/schedule\/sample-page\/\"><strong>tres excelentes excursiones<\/strong><\/a><\/span>\u00a0que se ofrecer\u00e1n de 9:00-12:00, estas resumir\u00e1n todo lo aprendido a lo largo de la Conferencia, y algunas ofrecen almuerzo!<\/p>\n<p><strong><span style=\"color: #008000;\">Domingo d\u00eda de Diversi\u00f3n<\/span> \u2013<\/strong><strong>\u00a0<\/strong>Despu\u00e9s de las excursiones de la ma\u00f1ana, si no tienes prisa por llegar a casa, ve algunas de las cosas que puede hacer por la ciudad. Hay varios\u00a0<span style=\"color: #ff9900;\"><strong>bares locales<\/strong><\/span> si eres un fan\u00e1tico de los deportes, o disfruta de un paseo en el parque Riverfront \u00a0o pruebe esquiar<\/p>\n<h3 style=\"text-align: center;\"><strong>Si esto le suena bien, entonces\u00a0<\/strong><span style=\"color: #ff9900;\"><a style=\"color: #ff9900;\" href=\"https:\/\/www.eventbrite.com\/e\/cultivating-cooperative-roots-conference-cultivando-las-raices-de-las-cooperativas-tickets-5604822174\"><strong>Reg\u00edstrese Hoy,\u00a0<\/strong><span style=\"color: #000000;\"><strong>simplemente haga clic en la opci\u00f3n &#8220;Estudiantes \/ Grupo para J\u00f3venes&#8221;<\/strong><\/span><\/a><\/span>.<\/h3>\n<p><a href=\"http:\/\/roots.nwcdc.coop\/wp-content\/uploads\/2015\/12\/cofedlogo.png\" rel=\"attachment wp-att-1121\"><img loading=\"lazy\" class=\"alignnone size-full wp-image-1121\" src=\"http:\/\/roots.nwcdc.coop\/wp-content\/uploads\/2015\/12\/cofedlogo.png\" alt=\"cofedlogo\" width=\"207\" height=\"76\" \/><\/a>\u00a0 \u00a0 \u00a0\u00a0 <a href=\"http:\/\/roots.nwcdc.coop\/wp-content\/uploads\/2015\/12\/cyc.png\" rel=\"attachment wp-att-1122\"><img loading=\"lazy\" class=\"alignnone size-medium wp-image-1122\" src=\"http:\/\/roots.nwcdc.coop\/wp-content\/uploads\/2015\/12\/cyc-300x63.png\" alt=\"cyc\" width=\"300\" height=\"63\" srcset=\"http:\/\/roots.nwcdc.coop\/wp-content\/uploads\/2015\/12\/cyc-300x63.png 300w, http:\/\/roots.nwcdc.coop\/wp-content\/uploads\/2015\/12\/cyc.png 939w\" sizes=\"(max-width: 300px) 100vw, 300px\" \/><\/a> <a href=\"http:\/\/roots.nwcdc.coop\/wp-content\/uploads\/2015\/12\/aynahlogo.png\" rel=\"attachment wp-att-1123\"><img loading=\"lazy\" class=\"alignnone size-full wp-image-1123\" src=\"http:\/\/roots.nwcdc.coop\/wp-content\/uploads\/2015\/12\/aynahlogo.png\" alt=\"aynahlogo\" width=\"211\" height=\"73\" \/><\/a>\u00a0 \u00a0 \u00a0\u00a0 <a href=\"http:\/\/roots.nwcdc.coop\/wp-content\/uploads\/2015\/12\/nasco_logo.png\" rel=\"attachment wp-att-1124\"><img loading=\"lazy\" class=\"alignnone size-full wp-image-1124\" src=\"http:\/\/roots.nwcdc.coop\/wp-content\/uploads\/2015\/12\/nasco_logo.png\" alt=\"nasco_logo\" width=\"295\" height=\"83\" \/><\/a><\/p>\n<p>&nbsp;<\/p>\n","protected":false},"excerpt":{"rendered":"<p>!Estamos muy contentos de anunciar que tendremos un\u00a0Grupo Para\u00a0J\u00f3venes\u00a0en la Conferencia cultivado las Ra\u00edces de las Cooperativas de este a\u00f1o! Tenemos fondos para Becas, solicite Hoy Mismo! Detalles del Grupo para J\u00f3venes: Nos hemos asociado con\u00a0CoFED,\u00a0NASCO,\u00a0Cooperativa Consejo Juvenil, y\u00a0Aynah para ofrecer una serie de talleres y eventos que les facilitar\u00e1 las herramientas y conexiones necesarias &hellip; <a href=\"http:\/\/roots.nwcdc.coop\/es\/grupo-para-jovenes\/\" class=\"more-link\">Continue reading <span class=\"screen-reader-text\">Grupo para J\u00f3venes<\/span> <span class=\"meta-nav\">&rarr;<\/span><\/a><\/p>\n","protected":false},"author":3,"featured_media":0,"parent":0,"menu_order":0,"comment_status":"closed","ping_status":"closed","template":"","meta":[],"_links":{"self":[{"href":"http:\/\/roots.nwcdc.coop\/es\/wp-json\/wp\/v2\/pages\/1361"}],"collection":[{"href":"http:\/\/roots.nwcdc.coop\/es\/wp-json\/wp\/v2\/pages"}],"about":[{"href":"http:\/\/roots.nwcdc.coop\/es\/wp-json\/wp\/v2\/types\/page"}],"author":[{"embeddable":true,"href":"http:\/\/roots.nwcdc.coop\/es\/wp-json\/wp\/v2\/users\/3"}],"replies":[{"embeddable":true,"href":"http:\/\/roots.nwcdc.coop\/es\/wp-json\/wp\/v2\/comments?post=1361"}],"version-history":[{"count":1,"href":"http:\/\/roots.nwcdc.coop\/es\/wp-json\/wp\/v2\/pages\/1361\/revisions"}],"predecessor-version":[{"id":1365,"href":"http:\/\/roots.nwcdc.coop\/es\/wp-json\/wp\/v2\/pages\/1361\/revisions\/1365"}],"wp:attachment":[{"href":"http:\/\/roots.nwcdc.coop\/es\/wp-json\/wp\/v2\/media?parent=1361"}],"curies":[{"name":"wp","href":"https:\/\/api.w.org\/{rel}","templated":true}]}}