{"id":1358,"date":"2016-02-01T21:24:08","date_gmt":"2016-02-02T05:24:08","guid":{"rendered":"http:\/\/roots.nwcdc.coop\/es\/?page_id=1358"},"modified":"2016-02-01T21:24:22","modified_gmt":"2016-02-02T05:24:22","slug":"cena-hecha-con-alimentos-locales","status":"publish","type":"page","link":"http:\/\/roots.nwcdc.coop\/es\/cena-hecha-con-alimentos-locales\/","title":{"rendered":"Cena Hecha con Alimentos Locales"},"content":{"rendered":"<h3>Estaremos resaltando la generosidad del interior del noroeste con una cena de tres platillos\u00a0<span style=\"color: #ff9900;\">CENA DE TRES PLATILLOS<\/span> el S\u00e1bado 6 de febrero del 2016.<\/h3>\n<p><strong>Acomp\u00e1\u00f1enos el 6 de febrero del 2016 a las 7pm para una deliciosa cena de tres platillos hecha con alimentos locales <\/strong>y una conversaci\u00f3n informal sobre las cooperativas y su papel en las comunidades locales.\u00a0Esta cena es parte de la Conferencia Cultivando las Ra\u00edces de las Cooperativas y contar\u00e1 con la participaci\u00f3n de los asistentes a la Conferencia. Le damos la bienvenida a que venga a cenar \u00a0y hablar con los asistentes a la Conferencia y obtener m\u00e1s informaci\u00f3n sobre empresas cooperativas y el papel que desempe\u00f1an en los sistemas econ\u00f3micos, acceso a alimentos locales y justicia social.\u00a0 Venga por su cuenta o reserve una mesa para usted y sus amigos!\u00a0\u00a0<span style=\"color: #ff9900;\"><a style=\"color: #ff9900;\" href=\"https:\/\/www.eventbrite.com\/e\/community-events-at-cultivating-cooperative-roots-conference-tickets-20065889616\">Boletos individuales = $25. Mesa para 10 personas = $200<\/a><\/span><\/p>\n<p>Tendremos un <span style=\"color: #008000;\"><strong>orador especial invitado<\/strong><\/span>\u00a0de <span style=\"color: #008000;\"><strong>Inland<\/strong> <strong>Northwest<\/strong><\/span> para compartir sus puntos de vista y dejarnos a todos inspirados! Estamos utilizando recursos locales tanto como nos sea posible a lo largo de toda la Conferencia y nos es grato ofrecer esta suntuosa cena. El men\u00fa todav\u00eda se est\u00e1 creando ya que trabajamos con agricultores locales, productores y empresas para conseguir art\u00edculos de la temporada. \u00a1Estamos a punto de tener un men\u00fa final, de manera que regrese a esta p\u00e1gina pronto!<\/p>\n<h5 style=\"text-align: center;\"><span style=\"color: #000000;\"><strong>\u00a1Si usted es vegetariano, Vegano, sin gluten o incluso un omn\u00edvoro, no se preocupe, tenemos todo cubierto!<\/strong><\/span><\/h5>\n<h2 style=\"text-align: center;\"><span style=\"color: #008000;\">!Oferta Especial!<\/span><\/h2>\n<p>Acomp\u00e1\u00f1enos para la cena y <strong><span style=\"color: #ff9900;\"><a style=\"color: #ff9900;\" href=\"http:\/\/roots.nwcdc.coop\/keynote-address\/\">la Conferencia por David Thompson<\/a><\/span><\/strong>, Presidente de la Fundaci\u00f3n de la cooperativa Twin Pines, as\u00ed como a la cena \/ Recepci\u00f3n por solo $5 m\u00e1s.\u00a0 La conferencia empieza a las 4pm, seguido de la recepci\u00f3n y cena que da inicio a las 7:00pm.\u00a0Es correcto, por\u00a0<strong>solo <span style=\"color: #008000;\">$30<\/span> tiene toda una noche de entretenimiento<\/strong>! Esta es la manera perfecta para vencer la melancol\u00eda invernal o tener una cita \u00fanica con su persona favorita!<\/p>\n<h4 style=\"text-align: center;\"><strong>Es correcto, tiene<\/strong>\u00a0<span style=\"color: #ff9900;\"><a style=\"color: #ff9900;\" href=\"https:\/\/www.eventbrite.com\/e\/community-events-at-cultivating-cooperative-roots-conference-tickets-20065889616\">tres opciones para escoger<\/a><\/span>!<\/h4>\n<h4 style=\"text-align: center;\"><strong>Cena Individual hecha con Alimentos Locales<\/strong>\u00a0\u2013 <span style=\"color: #008000;\">$25<\/span><\/h4>\n<h4 style=\"text-align: center;\"><strong>Cena Hecha con Alimentos Locales<\/strong>, Grupo (10) \u2013 <span style=\"color: #008000;\">$200<\/span><\/h4>\n<h4 style=\"text-align: center;\"><span style=\"color: #008000;\">Oferta\u00a0Especial! (Conferencia, Recepci\u00f3n y Cena) \u2013 $30<\/span><\/h4>\n<h4 style=\"text-align: center;\"><\/h4>\n<h2 style=\"text-align: center;\"><span style=\"color: #ff9900;\"><strong><a style=\"color: #ff9900;\" href=\"https:\/\/www.eventbrite.com\/e\/community-events-at-cultivating-cooperative-roots-conference-tickets-20065889616\">\u00a1Reg\u00edstrese Hoy Mismo!!<\/a><\/strong><\/span><\/h2>\n","protected":false},"excerpt":{"rendered":"<p>Estaremos resaltando la generosidad del interior del noroeste con una cena de tres platillos\u00a0CENA DE TRES PLATILLOS el S\u00e1bado 6 de febrero del 2016. Acomp\u00e1\u00f1enos el 6 de febrero del 2016 a las 7pm para una deliciosa cena de tres platillos hecha con alimentos locales y una conversaci\u00f3n informal sobre las cooperativas y su papel &hellip; <a href=\"http:\/\/roots.nwcdc.coop\/es\/cena-hecha-con-alimentos-locales\/\" class=\"more-link\">Continue reading <span class=\"screen-reader-text\">Cena Hecha con Alimentos Locales<\/span> <span class=\"meta-nav\">&rarr;<\/span><\/a><\/p>\n","protected":false},"author":3,"featured_media":0,"parent":0,"menu_order":0,"comment_status":"closed","ping_status":"closed","template":"","meta":[],"_links":{"self":[{"href":"http:\/\/roots.nwcdc.coop\/es\/wp-json\/wp\/v2\/pages\/1358"}],"collection":[{"href":"http:\/\/roots.nwcdc.coop\/es\/wp-json\/wp\/v2\/pages"}],"about":[{"href":"http:\/\/roots.nwcdc.coop\/es\/wp-json\/wp\/v2\/types\/page"}],"author":[{"embeddable":true,"href":"http:\/\/roots.nwcdc.coop\/es\/wp-json\/wp\/v2\/users\/3"}],"replies":[{"embeddable":true,"href":"http:\/\/roots.nwcdc.coop\/es\/wp-json\/wp\/v2\/comments?post=1358"}],"version-history":[{"count":1,"href":"http:\/\/roots.nwcdc.coop\/es\/wp-json\/wp\/v2\/pages\/1358\/revisions"}],"predecessor-version":[{"id":1360,"href":"http:\/\/roots.nwcdc.coop\/es\/wp-json\/wp\/v2\/pages\/1358\/revisions\/1360"}],"wp:attachment":[{"href":"http:\/\/roots.nwcdc.coop\/es\/wp-json\/wp\/v2\/media?parent=1358"}],"curies":[{"name":"wp","href":"https:\/\/api.w.org\/{rel}","templated":true}]}}