{"id":1353,"date":"2016-02-01T21:16:02","date_gmt":"2016-02-02T05:16:02","guid":{"rendered":"http:\/\/roots.nwcdc.coop\/es\/?page_id=1353"},"modified":"2016-02-01T21:17:20","modified_gmt":"2016-02-02T05:17:20","slug":"orador-principal-david-thompson-y","status":"publish","type":"page","link":"http:\/\/roots.nwcdc.coop\/es\/orador-principal-david-thompson-y\/","title":{"rendered":"Orador Principal, David Thompson y"},"content":{"rendered":"<h3 style=\"text-align: center;\">Recepci\u00f3n con Cena<\/h3>\n<h4 style=\"text-align: center;\">Estamos encantados de anunciar que\u00a0 <strong><span style=\"color: #ff9900;\"><a style=\"color: #ff9900;\" href=\"http:\/\/heroes.coop\/archive\/david-thompson\/\">David Thompson<\/a><\/span><\/strong>, que en el 2010 fue reclutado al sal\u00f3n de la Fama de Cooperativas, ha acordado en ser el Orador Principal de la Conferencia Cultivando las Ra\u00edces de las Cooperativas, el s\u00e1bado 6 de febrero del 2016!<\/h4>\n<p>David Thompson es un pionero en el movimiento cooperativo a nivel nacional e internacional. El tiene una impresionante lista de galardones e intereses, todos relacionados con las cooperativas, y entiende el importante papel que juegan las cooperativas en sus comunidades locales y regionales.\u00a0Thompson es actualmente el Presidente de la \u00a0<a href=\"http:\/\/community.coop\/twinpines\/\"><strong><span style=\"color: #ff9900;\">Fundaci\u00f3n Twin Pines Cooperative<\/span><\/strong>,<\/a> y es uno de los m\u00e1s grandes fundadores de cooperativas en el pa\u00eds. Bajo el liderazgo de Thompson, TPCF ha creado fondos de comunidad cooperativa para m\u00e1s de 30 cooperativas en USA. Thompson es autor de<strong><span style=\"color: #ff9900;\">\u00a0<\/span><\/strong><a href=\"http:\/\/community.coop\/twinpines\/weavers.html\"><strong><span style=\"color: #ff9900;\">Weavers of Dreams: Founders of the Modern Cooperative Movement (1994),<\/span><\/strong>\u00a0<\/a>y coautor de\u00a0<span style=\"color: #ff9900;\"><strong><a style=\"color: #ff9900;\" href=\"http:\/\/www.goodreads.com\/book\/show\/1821627.Cooperation_Works_\">Cooperation Works! (1996)<\/a><\/strong><\/span> y \u00a0<strong><span style=\"color: #ff9900;\"><a style=\"color: #ff9900;\" href=\"https:\/\/www.toplinecu.com\/files\/landingpages\/day-life-final_0.pdf\">A Day in the Life of Cooperative America (1994)<\/a><\/span><\/strong>. Adem\u00e1s de estas obras, Thompson ha escrito m\u00e1s de 300 art\u00edculos, muchos de los cuales han sido traducidos y publicados alrededor del mundo<\/p>\n<p>Como orador principal de la Conferencia de este a\u00f1o, Thompson situar\u00e1 las cooperativas dentro de un contexto hist\u00f3rico para tratar examinar el papel de las cooperativas en el mundo de hoy. Naci\u00f3 en Blackpool, Lancashire, England, en el mismo condado que Rochdale, el lugar de nacimiento del movimiento cooperativo.\u00a0Conocido por su visi\u00f3n al futuro y la innovaci\u00f3n, Thompson concluye su conferencia viendo hacia el futuro de las cooperativas. <strong>Aqu\u00ed <\/strong><span style=\"color: #ff9900;\"><a style=\"color: #ff9900;\" href=\"https:\/\/youtu.be\/EfUBXPSJjOk\"><strong>le damos un vistazo a quien es David Thompson<\/strong><\/a><\/span><strong>.<\/strong><\/p>\n<h6><a href=\"https:\/\/www.eventbrite.com\/e\/community-events-at-cultivating-cooperative-roots-conference-tickets-20065889616\"><span style=\"color: #ff9900;\"><strong>Acomp\u00e1\u00f1enos el<\/strong>\u00a0<strong>s\u00e1bado 6 de febrero del 2016 a las 4 pm<\/strong><\/span>\u00a0<\/a> para lo que es seguro que ser\u00e1 una conferencia informativa e inspiradora! Este evento es gratuita para los asistentes a la Conferencia! Miembros de la comunidad que les gustar\u00eda asistir tienen dos opciones:<\/h6>\n<ul>\n<li>\n<h5><strong><span style=\"color: #008000;\">Opci\u00f3n A<\/span>:<\/strong>\u00a0Asistir a la conferencia de <span style=\"color: #ff9900;\">David Thompson<\/span> <span style=\"color: #ff9900;\">seguido por una recepci\u00f3n con cena<\/span> \u2013\u00a0<span style=\"color: #008000;\"><strong>$10<\/strong><\/span>\u00a0(bar de pago).<\/h5>\n<\/li>\n<li>\n<h5><strong><em><span style=\"color: #008000;\">Opci\u00f3n B<\/span>:\u00a0<\/em><\/strong>Asistir a la conferencia de <span style=\"color: #ff9900;\">David Thompson<\/span>, <span style=\"color: #ff9900;\">la recepci\u00f3n cena, y la cena hecha con alimentos locales de tres platillos<\/span> \u2013\u00a0<strong><span style=\"color: #008000;\">$30<\/span>\u00a0<\/strong>(bar de pago).<\/h5>\n<ul>\n<li>\n<h5>Si no puede asistir a la conferencia de <span style=\"color: #ff9900;\">David Thompson<\/span> pero le gustar\u00eda acompa\u00f1arnos para la cena hecha con alimentos locales \u2013\u00a0<strong><span style=\"color: #008000;\">$25<\/span>.<\/strong><\/h5>\n<\/li>\n<\/ul>\n<\/li>\n<\/ul>\n<h3 style=\"text-align: center;\"><\/h3>\n<h2 style=\"text-align: center;\"><span style=\"color: #ff9900;\"><strong style=\"color: #ff9900;\">!<a style=\"color: #ff9900;\" href=\"https:\/\/www.eventbrite.com\/e\/community-events-at-cultivating-cooperative-roots-conference-tickets-20065889616\">Compre sus boletos Ya!<\/a><\/strong><\/span><\/h2>\n<p>&nbsp;<\/p>\n<p>&nbsp;<\/p>\n","protected":false},"excerpt":{"rendered":"<p>Recepci\u00f3n con Cena Estamos encantados de anunciar que\u00a0 David Thompson, que en el 2010 fue reclutado al sal\u00f3n de la Fama de Cooperativas, ha acordado en ser el Orador Principal de la Conferencia Cultivando las Ra\u00edces de las Cooperativas, el s\u00e1bado 6 de febrero del 2016! David Thompson es un pionero en el movimiento cooperativo &hellip; <a href=\"http:\/\/roots.nwcdc.coop\/es\/orador-principal-david-thompson-y\/\" class=\"more-link\">Continue reading <span class=\"screen-reader-text\">Orador Principal, David Thompson y<\/span> <span class=\"meta-nav\">&rarr;<\/span><\/a><\/p>\n","protected":false},"author":3,"featured_media":0,"parent":0,"menu_order":0,"comment_status":"closed","ping_status":"closed","template":"","meta":[],"_links":{"self":[{"href":"http:\/\/roots.nwcdc.coop\/es\/wp-json\/wp\/v2\/pages\/1353"}],"collection":[{"href":"http:\/\/roots.nwcdc.coop\/es\/wp-json\/wp\/v2\/pages"}],"about":[{"href":"http:\/\/roots.nwcdc.coop\/es\/wp-json\/wp\/v2\/types\/page"}],"author":[{"embeddable":true,"href":"http:\/\/roots.nwcdc.coop\/es\/wp-json\/wp\/v2\/users\/3"}],"replies":[{"embeddable":true,"href":"http:\/\/roots.nwcdc.coop\/es\/wp-json\/wp\/v2\/comments?post=1353"}],"version-history":[{"count":3,"href":"http:\/\/roots.nwcdc.coop\/es\/wp-json\/wp\/v2\/pages\/1353\/revisions"}],"predecessor-version":[{"id":1357,"href":"http:\/\/roots.nwcdc.coop\/es\/wp-json\/wp\/v2\/pages\/1353\/revisions\/1357"}],"wp:attachment":[{"href":"http:\/\/roots.nwcdc.coop\/es\/wp-json\/wp\/v2\/media?parent=1353"}],"curies":[{"name":"wp","href":"https:\/\/api.w.org\/{rel}","templated":true}]}}