{"id":1346,"date":"2016-02-01T20:55:54","date_gmt":"2016-02-02T04:55:54","guid":{"rendered":"http:\/\/roots.nwcdc.coop\/es\/?page_id=1346"},"modified":"2016-02-01T20:59:25","modified_gmt":"2016-02-02T04:59:25","slug":"acceso-a-capital-para-instalaciones-de-la-comunidad","status":"publish","type":"page","link":"http:\/\/roots.nwcdc.coop\/es\/acceso-a-capital-para-instalaciones-de-la-comunidad\/","title":{"rendered":"Acceso a Capital para Instalaciones de la Comunidad"},"content":{"rendered":"<h3 style=\"text-align: center;\">y Preservaci\u00f3n y Desarrollo de Viviendas<\/h3>\n<h5><strong>Presentadora del taller:\u00a0<span style=\"color: #ff9900;\">Judith Olsen, Director Ejecutivo, Capital de Impacto<\/span><\/strong><\/h5>\n<h4 style=\"text-align: center;\"><span style=\"color: #008000;\"><strong>6 de febrero del 2016 de 1:00 PM \u2013 2:30 PM<\/strong><\/span><\/h4>\n<p>\u00bfTu comunidad necesita m\u00e1s viviendas asequibles o Centros de Servicio para los miembros de la comunidad? Judith Olsen de Capital de Impacto ofrecer\u00e1 una presentaci\u00f3n atractiva sobre c\u00f3mo Capital de Impacto lo hace m\u00e1s f\u00e1cil para que organizaciones no \u00a0lucrativas puedan obtener capital generador para proyectos que ayudan a personas a mejorar su calidad de vida y\u00a0 le den forma al futuro de su comunidad. Ella va a proporcionar estudios de caso y ejemplos de alianzas \u00fanicas y estructuras de financiamiento que han resultado en el desarrollo de la vivienda asequible, preservaci\u00f3n de propiedades antiguas, as\u00ed como el desarrollo de instalaciones de las comunidades.<\/p>\n<p>Capital de Impacto\u00a0 ha trabajado en todos los pa\u00edses, pero dos en el estado de Washington, pueden ayudar a aprovechar otras asociaciones y ayudar a que acceda al capital catal\u00edtico primero que es a menudo un obst\u00e1culo. Algunos de estos proyectos incluyen un pr\u00e9stamo de adquisici\u00f3n a la autoridad de vivienda de Kennewick para el desarrollo del proyecto Nueva Vista que proporciona 32 apartamentos asequibles para los residentes de bajos ingresos, y un pr\u00e9stamo de pre-desarrollo hecho a Transiciones-Spokane, que est\u00e1 financiando un estudio de factibilidad para un proyecto que ofrecer\u00e1 vivienda permanente de apoyo a personas de muy bajos y de bajos ingresos y a familias han estado cr\u00f3nicamente sin hogar o que tienen necesidades especiales.<\/p>\n<h6 style=\"text-align: center;\">Admisi\u00f3n para <strong>el taller es <span style=\"color: #008000;\">$20<\/span> o libre con su registro completo a la conferencia \u00a0de $85.<\/strong><\/h6>\n<h2 style=\"text-align: center;\"><span style=\"color: #ff9900;\">!<a style=\"color: #ff9900;\" href=\"https:\/\/www.eventbrite.com\/e\/community-events-at-cultivating-cooperative-roots-conference-tickets-20065889616\">Inscr\u00edbase Hoy!<\/a><\/span><\/h2>\n<p><a href=\"http:\/\/roots.nwcdc.coop\/wp-content\/uploads\/2016\/01\/impactcapital.png\" rel=\"attachment wp-att-1152\"><img loading=\"lazy\" class=\" wp-image-1152 aligncenter\" src=\"http:\/\/roots.nwcdc.coop\/wp-content\/uploads\/2016\/01\/impactcapital.png\" alt=\"impactcapital\" width=\"227\" height=\"202\" \/><\/a><\/p>\n","protected":false},"excerpt":{"rendered":"<p>y Preservaci\u00f3n y Desarrollo de Viviendas Presentadora del taller:\u00a0Judith Olsen, Director Ejecutivo, Capital de Impacto 6 de febrero del 2016 de 1:00 PM \u2013 2:30 PM \u00bfTu comunidad necesita m\u00e1s viviendas asequibles o Centros de Servicio para los miembros de la comunidad? Judith Olsen de Capital de Impacto ofrecer\u00e1 una presentaci\u00f3n atractiva sobre c\u00f3mo Capital &hellip; <a href=\"http:\/\/roots.nwcdc.coop\/es\/acceso-a-capital-para-instalaciones-de-la-comunidad\/\" class=\"more-link\">Continue reading <span class=\"screen-reader-text\">Acceso a Capital para Instalaciones de la Comunidad<\/span> <span class=\"meta-nav\">&rarr;<\/span><\/a><\/p>\n","protected":false},"author":3,"featured_media":0,"parent":0,"menu_order":0,"comment_status":"closed","ping_status":"closed","template":"","meta":[],"_links":{"self":[{"href":"http:\/\/roots.nwcdc.coop\/es\/wp-json\/wp\/v2\/pages\/1346"}],"collection":[{"href":"http:\/\/roots.nwcdc.coop\/es\/wp-json\/wp\/v2\/pages"}],"about":[{"href":"http:\/\/roots.nwcdc.coop\/es\/wp-json\/wp\/v2\/types\/page"}],"author":[{"embeddable":true,"href":"http:\/\/roots.nwcdc.coop\/es\/wp-json\/wp\/v2\/users\/3"}],"replies":[{"embeddable":true,"href":"http:\/\/roots.nwcdc.coop\/es\/wp-json\/wp\/v2\/comments?post=1346"}],"version-history":[{"count":5,"href":"http:\/\/roots.nwcdc.coop\/es\/wp-json\/wp\/v2\/pages\/1346\/revisions"}],"predecessor-version":[{"id":1352,"href":"http:\/\/roots.nwcdc.coop\/es\/wp-json\/wp\/v2\/pages\/1346\/revisions\/1352"}],"wp:attachment":[{"href":"http:\/\/roots.nwcdc.coop\/es\/wp-json\/wp\/v2\/media?parent=1346"}],"curies":[{"name":"wp","href":"https:\/\/api.w.org\/{rel}","templated":true}]}}