{"id":1343,"date":"2016-02-01T20:48:42","date_gmt":"2016-02-02T04:48:42","guid":{"rendered":"http:\/\/roots.nwcdc.coop\/es\/?page_id=1343"},"modified":"2016-02-01T20:48:42","modified_gmt":"2016-02-02T04:48:42","slug":"acceso-a-capital-para-el-desarrollo-de-negocios","status":"publish","type":"page","link":"http:\/\/roots.nwcdc.coop\/es\/acceso-a-capital-para-el-desarrollo-de-negocios\/","title":{"rendered":"Acceso a Capital para el Desarrollo de Negocios"},"content":{"rendered":"<h6 style=\"text-align: center;\"><strong>La Conferencia Cultivando las Ra\u00edces de las Cooperativas tendr\u00e1 su Taller\u00a0<\/strong><span style=\"color: #008000;\"><strong>Acceso al Capital para el Desarrollo de Empresas<\/strong><\/span><strong>\u00a0el s\u00e1bado 6 de febrero del 2016 de la 1 pm a las 4 pm en el\u00a0<\/strong><span style=\"color: #ff9900;\"><a style=\"color: #ff9900;\" href=\"http:\/\/roots.nwcdc.coop\/sample-page-2\/\"><strong>Centro de Convenciones de Spokane<\/strong><\/a><\/span><strong> en Spokane, WA.<\/strong><\/h6>\n<h6 style=\"text-align: center;\"><strong><em>\u00bfEres due\u00f1o de un Peque\u00f1o Negocio que busca expandirse? \u00bfEres un agricultor que busca producir alimentos de valor agregado o fibra? \u00bfEres un negocio que busca alternativas para financiamiento para tener m\u00e1s energ\u00eda el\u00e9ctrica o para mejoras de eficiencia energ\u00e9tica?<\/em><\/strong><\/h6>\n<p>Ven y \u00fanete a nosotros y <span style=\"color: #ff9900;\"><strong>habla directamente con los prestamistas y los directores de programas<\/strong><\/span> que proporcionan el capital y los recursos de asistencia t\u00e9cnica a las peque\u00f1as empresas. Prestamistas y programas incluyen cooperativas de cr\u00e9dito locales, servicios financieros cooperativos, cooperativas el\u00e9ctricas rurales, Instituciones financieras de desarrollo comunitario, programas de pr\u00e9stamos del SBA, la Agencia de servicios agr\u00edcolas del USDA y el Departamento de Desarrollo Rural de USDA. La admisi\u00f3n <span style=\"color: #ff9900;\"><strong>al taller cuesta $30 o gratis con el registro a la Conferencia de $85<\/strong>.<\/span><\/p>\n<h5 style=\"text-align: center;\"><span style=\"color: #008000;\"><strong>PROGRAMAS Y PRESTAMISTAS\u00a0PARTICIPANTES<\/strong><\/span><\/h5>\n<p>&nbsp;<\/p>\n<h6><span style=\"color: #ff9900;\"><strong>Desarrollo de Capital Comunitario<\/strong><\/span><br \/>\n<span style=\"color: #ff9900;\"><strong>Craft3<\/strong><\/span><br \/>\n<span style=\"color: #ff9900;\"><strong>Banco Mountain West<\/strong><\/span><br \/>\n<span style=\"color: #ff9900;\"><strong>Uni\u00f3n de Cr\u00e9dito Global<\/strong><\/span><br \/>\n<span style=\"color: #ff9900;\"><strong>Cooperativa de Capital Compartido<\/strong><\/span><br \/>\n<span style=\"color: #ff9900;\"><strong>Asociaci\u00f3n de Desarrollo de Negocios del Noroeste<\/strong><\/span><br \/>\n<span style=\"color: #ff9900;\"><strong>Servicio de Cr\u00e9dito Agr\u00edcola del Noroeste <\/strong><\/span><br \/>\n<span style=\"color: #ff9900;\"><strong>SNAP Acceso Financiero<\/strong><\/span><br \/>\n<span style=\"color: #ff9900;\"><strong>Agencia de Servicios Agr\u00edcolas del USDA<\/strong><\/span><br \/>\n<span style=\"color: #ff9900;\"><strong>Desarrollo Rural del USDA<\/strong><\/span><\/h6>\n<h4 style=\"text-align: center;\"><span style=\"color: #ff9900;\"><a style=\"color: #ff9900;\" href=\"https:\/\/www.eventbrite.com\/e\/community-events-at-cultivating-cooperative-roots-conference-tickets-20065889616\"><strong>Reg\u00edstrese Hoy Mismo!<\/strong><\/a><\/span><\/h4>\n","protected":false},"excerpt":{"rendered":"<p>La Conferencia Cultivando las Ra\u00edces de las Cooperativas tendr\u00e1 su Taller\u00a0Acceso al Capital para el Desarrollo de Empresas\u00a0el s\u00e1bado 6 de febrero del 2016 de la 1 pm a las 4 pm en el\u00a0Centro de Convenciones de Spokane en Spokane, WA. \u00bfEres due\u00f1o de un Peque\u00f1o Negocio que busca expandirse? \u00bfEres un agricultor que busca &hellip; <a href=\"http:\/\/roots.nwcdc.coop\/es\/acceso-a-capital-para-el-desarrollo-de-negocios\/\" class=\"more-link\">Continue reading <span class=\"screen-reader-text\">Acceso a Capital para el Desarrollo de Negocios<\/span> <span class=\"meta-nav\">&rarr;<\/span><\/a><\/p>\n","protected":false},"author":3,"featured_media":0,"parent":0,"menu_order":0,"comment_status":"closed","ping_status":"closed","template":"","meta":[],"_links":{"self":[{"href":"http:\/\/roots.nwcdc.coop\/es\/wp-json\/wp\/v2\/pages\/1343"}],"collection":[{"href":"http:\/\/roots.nwcdc.coop\/es\/wp-json\/wp\/v2\/pages"}],"about":[{"href":"http:\/\/roots.nwcdc.coop\/es\/wp-json\/wp\/v2\/types\/page"}],"author":[{"embeddable":true,"href":"http:\/\/roots.nwcdc.coop\/es\/wp-json\/wp\/v2\/users\/3"}],"replies":[{"embeddable":true,"href":"http:\/\/roots.nwcdc.coop\/es\/wp-json\/wp\/v2\/comments?post=1343"}],"version-history":[{"count":1,"href":"http:\/\/roots.nwcdc.coop\/es\/wp-json\/wp\/v2\/pages\/1343\/revisions"}],"predecessor-version":[{"id":1345,"href":"http:\/\/roots.nwcdc.coop\/es\/wp-json\/wp\/v2\/pages\/1343\/revisions\/1345"}],"wp:attachment":[{"href":"http:\/\/roots.nwcdc.coop\/es\/wp-json\/wp\/v2\/media?parent=1343"}],"curies":[{"name":"wp","href":"https:\/\/api.w.org\/{rel}","templated":true}]}}