{"id":1340,"date":"2016-02-01T20:40:46","date_gmt":"2016-02-02T04:40:46","guid":{"rendered":"http:\/\/roots.nwcdc.coop\/es\/?page_id=1340"},"modified":"2016-02-01T20:41:11","modified_gmt":"2016-02-02T04:41:11","slug":"eventos-para-miembros-de-la-comunidad-2","status":"publish","type":"page","link":"http:\/\/roots.nwcdc.coop\/es\/eventos-para-miembros-de-la-comunidad-2\/","title":{"rendered":"Eventos para Miembros de la  Comunidad"},"content":{"rendered":"<p>Nos complace invitar a los miembros de la comunidad del interior del noroeste y el enclave de Idaho a participar en la Conferencia Cultivando las Ra\u00edces de las cooperativas. Entendemos que no todo el mundo puede participar en una conferencia de tres d\u00edas por lo que hemos creado varias oportunidades m\u00e1s cortas y eventos que la gente todav\u00eda puede asistir. Estos van desde nuestro taller de tres horas sobre el <strong><span style=\"color: #ff9900;\"><a style=\"color: #ff9900;\" href=\"http:\/\/roots.nwcdc.coop\/community-participation\/access-to-capital-for-business-development-workshop\/\">Acceso a Capital para el Desarrollo de Negocios<\/a><\/span><\/strong>, a una conferencia ofrecida por el Innovador de Cooperativas y Autor,\u00a0<span style=\"color: #ff9900;\"><strong><a style=\"color: #ff9900;\" href=\"http:\/\/roots.nwcdc.coop\/community-participation\/david-thompson-and-reception\/\">David Thompson<\/a><\/strong><\/span>,\u00a0nuestra cena de Tres Platillos <strong><span style=\"color: #ff9900;\"><a style=\"color: #ff9900;\" href=\"http:\/\/roots.nwcdc.coop\/community-participation\/local-foods-dinner\/\">Hecha con Alimentos Locales<\/a><\/span><\/strong>, y m\u00faltiples\u00a0<span style=\"color: #ff9900;\"><strong><a style=\"color: #ff9900;\" href=\"http:\/\/roots.nwcdc.coop\/schedule\/sample-page\/\">Excursiones<\/a><\/strong><\/span>\u00a0destacando agricultores locales, productores, cooperativas y empresas locales. Todos estos acontecimientos toman lugar \/ se llevan a cabo en el<strong><span style=\"color: #ff9900;\">\u00a0<a style=\"color: #ff9900;\" href=\"http:\/\/roots.nwcdc.coop\/sample-page-2\/\">Centro de Convenciones de Spokane<\/a><\/span><\/strong>.<\/p>\n<p>Para mas informaci\u00f3n siga los enlaces a continuaci\u00f3n o simplemente no espere m\u00e1s y\u00a0<a href=\"https:\/\/www.eventbrite.com\/e\/community-events-at-cultivating-cooperative-roots-conference-tickets-20065889616\"><strong><span style=\"color: #ff9900;\">COMPRE SUS BOLETOS\u00a0<\/span><\/strong><span style=\"color: #ff9900;\"><b>AQU\u00cd<\/b><\/span>\u00a0<\/a>para uno o m\u00e1s\u00a0de los eventos descritos abajo!<\/p>\n<ul>\n<li>\n<h6><span style=\"color: #ff9900;\"><a style=\"color: #ff9900;\" href=\"http:\/\/roots.nwcdc.coop\/community-participation\/access-to-capital-for-business-development-workshop\/\"><strong>Acceso a Capital para el Desarrollo de Negocios<\/strong><\/a><\/span>,\u00a0el s\u00e1bado 6 de febrero de 1 a 4 pm por solo \u2013\u00a0<span style=\"color: #008000;\"><strong>$30<\/strong><\/span><\/h6>\n<\/li>\n<li>\n<h6><strong><a href=\"http:\/\/roots.nwcdc.coop\/community-participation\/access-to-capital-for-community-facilities-and-housing-preservation-and-development\/\"><span style=\"color: #ff9900;\">Acceso a Capital para Servicios Comunitarios y Conservaci\u00f3n y Desarrollo de la Vivienda<\/span>,\u00a0<\/a><\/strong>El s\u00e1bado 6 de Febrero de 1 a 2:30 pm,\u00a0<span style=\"color: #008000;\"><strong>$20\u00a0 <\/strong><\/span><\/h6>\n<\/li>\n<li>\n<h6><span style=\"color: #ff9900;\"><a style=\"color: #ff9900;\" href=\"http:\/\/roots.nwcdc.coop\/community-participation\/david-thompson-and-reception\/\"><strong>Orador Principal, David Thompson y la Recepci\u00f3n \/ Cena<\/strong><\/a><\/span> el s\u00e1bado 6 de febrero de 4 a 7 pm por solo \u2013\u00a0<span style=\"color: #008000;\"><strong>$10<\/strong><\/span><\/h6>\n<\/li>\n<li>\n<h6><span style=\"color: #ff9900;\"><a style=\"color: #ff9900;\" href=\"http:\/\/roots.nwcdc.coop\/community-participation\/local-foods-dinner\/\"><strong>Cena Hecha con Alimentos Locales<\/strong><\/a><\/span>, el s\u00e1bado 6 de febrero de 7 a 9 pm por solo \u2013\u00a0<span style=\"color: #008000;\"><strong>$25<\/strong><\/span><\/h6>\n<\/li>\n<\/ul>\n<h5><span style=\"color: #ff9900;\"><strong>Oferta Especial!!<\/strong><\/span><strong>\u00a0<span style=\"color: #008000;\">Orador Principal, Cena \/ Recepci\u00f3n y Cena Hecha con Alimentos Locales por solo <\/span><\/strong><span style=\"color: #008000;\">\u2013\u00a0<strong>$30<\/strong><\/span><\/h5>\n<h4 style=\"text-align: center;\">No se olvide, usted puede acompa\u00f1arnos por un d\u00eda de la Conferencia tambi\u00e9n!\u00a0Viernes = $45, S\u00e1bado = $50. Solo\u00a0<span style=\"color: #ff9900;\"><strong><a style=\"color: #ff9900;\" href=\"https:\/\/www.eventbrite.com\/e\/cultivating-cooperative-roots-conference-cultivando-las-raices-de-las-cooperativas-tickets-5604822174\">reg\u00edstrate Aqu\u00ed<\/a>!<\/strong><\/span><\/h4>\n<p>&nbsp;<\/p>\n","protected":false},"excerpt":{"rendered":"<p>Nos complace invitar a los miembros de la comunidad del interior del noroeste y el enclave de Idaho a participar en la Conferencia Cultivando las Ra\u00edces de las cooperativas. Entendemos que no todo el mundo puede participar en una conferencia de tres d\u00edas por lo que hemos creado varias oportunidades m\u00e1s cortas y eventos que &hellip; <a href=\"http:\/\/roots.nwcdc.coop\/es\/eventos-para-miembros-de-la-comunidad-2\/\" class=\"more-link\">Continue reading <span class=\"screen-reader-text\">Eventos para Miembros de la  Comunidad<\/span> <span class=\"meta-nav\">&rarr;<\/span><\/a><\/p>\n","protected":false},"author":3,"featured_media":0,"parent":0,"menu_order":0,"comment_status":"closed","ping_status":"closed","template":"","meta":[],"_links":{"self":[{"href":"http:\/\/roots.nwcdc.coop\/es\/wp-json\/wp\/v2\/pages\/1340"}],"collection":[{"href":"http:\/\/roots.nwcdc.coop\/es\/wp-json\/wp\/v2\/pages"}],"about":[{"href":"http:\/\/roots.nwcdc.coop\/es\/wp-json\/wp\/v2\/types\/page"}],"author":[{"embeddable":true,"href":"http:\/\/roots.nwcdc.coop\/es\/wp-json\/wp\/v2\/users\/3"}],"replies":[{"embeddable":true,"href":"http:\/\/roots.nwcdc.coop\/es\/wp-json\/wp\/v2\/comments?post=1340"}],"version-history":[{"count":1,"href":"http:\/\/roots.nwcdc.coop\/es\/wp-json\/wp\/v2\/pages\/1340\/revisions"}],"predecessor-version":[{"id":1342,"href":"http:\/\/roots.nwcdc.coop\/es\/wp-json\/wp\/v2\/pages\/1340\/revisions\/1342"}],"wp:attachment":[{"href":"http:\/\/roots.nwcdc.coop\/es\/wp-json\/wp\/v2\/media?parent=1340"}],"curies":[{"name":"wp","href":"https:\/\/api.w.org\/{rel}","templated":true}]}}