{"id":1311,"date":"2016-01-31T18:32:00","date_gmt":"2016-02-01T02:32:00","guid":{"rendered":"http:\/\/roots.nwcdc.coop\/es\/?page_id=1311"},"modified":"2016-01-31T18:32:31","modified_gmt":"2016-02-01T02:32:31","slug":"discurso-inaugural-david-thompson-2","status":"publish","type":"page","link":"http:\/\/roots.nwcdc.coop\/es\/discurso-inaugural-david-thompson-2\/","title":{"rendered":"Discurso Inaugural \u2013 David Thompson"},"content":{"rendered":"<h5 style=\"text-align: center;\"><span style=\"color: #008000;\">Estamos encantados de anunciar que<\/span> \u00a0<span style=\"color: #ff9900;\"><a style=\"color: #ff9900;\" href=\"http:\/\/heroes.coop\/archive\/david-thompson\/\">David Thompson<\/a><\/span><span style=\"color: #008000;\">, que en el 2010 fue reclutado al sal\u00f3n de la Fama de Cooperativas, ha acordado en ser el orador Principal de la Conferencia Cultivando las Ra\u00edces de las Cooperativas, el s\u00e1bado 6 de febrero del 2016!<\/span><\/h5>\n<p>David Thompson es un pionero en el movimiento cooperativo a nivel nacional e internacional. Como orador principal de la Conferencia de este a\u00f1o, Thompson situar\u00e1 las cooperativas dentro de un contexto hist\u00f3rico para tratar examinar el papel de las cooperativas en el mundo de hoy. Conocido por su visi\u00f3n de futuro y la innovaci\u00f3n, Thompson concluye su charla con una mirada hacia el futuro de las cooperativas.<strong>\u00a0<\/strong><span style=\"color: #ff9900;\"><a style=\"color: #ff9900;\" href=\"https:\/\/youtu.be\/EfUBXPSJjOk\"><strong>Aqu\u00ed le damos un vistazo a David Thompson<\/strong><\/a><\/span><strong>.<\/strong><strong> \u00a0\u00a0<\/strong><\/p>\n<p>Thompson, tiene una impresionante lista de galardones e intereses, todos relacionados con las cooperativas, y entiende el importante papel que juegan las cooperativas en sus comunidades locales y regionales. Thompson es actualmente el Presidente de la \u00a0<strong><a href=\"http:\/\/community.coop\/twinpines\/\"><span style=\"color: #ff9900;\">Fundaci\u00f3n Twin Pines Cooperative<\/span>,<\/a><\/strong> y es uno de los m\u00e1s grandes fundadores de cooperativas en el pa\u00eds. Bajo el liderazgo de Thompson, TPCF ha creado fondos de comunidad cooperativa para m\u00e1s de 30 cooperativas en USA. Thompson es autor de\u00a0<a href=\"http:\/\/community.coop\/twinpines\/weavers.html\"><span style=\"color: #ff9900;\"><strong>Weavers of Dreams: Founders of the Modern Cooperative Movement (1994)<\/strong>,<\/span>\u00a0<\/a>y coautor de\u00a0<strong><span style=\"color: #ff9900;\"><a style=\"color: #ff9900;\" href=\"http:\/\/www.goodreads.com\/book\/show\/1821627.Cooperation_Works_\">Cooperation Works! (1996)<\/a><\/span> y \u00a0<\/strong><span style=\"color: #ff9900;\"><a style=\"color: #ff9900;\" href=\"https:\/\/www.toplinecu.com\/files\/landingpages\/day-life-final_0.pdf\"><strong>A Day in the Life of Cooperative America (1994<\/strong>)<\/a><\/span>. Adem\u00e1s de estas obras, Thompson ha escrito m\u00e1s de 300 art\u00edculos, muchos de los cuales han sido traducidos y publicados alrededor del mundo. \u00a0<span style=\"color: #ff9900;\"><a style=\"color: #ff9900;\" href=\"http:\/\/www.grocer.coop\/author\/david-thompson\"><strong>Aqu\u00ed esta una lista de algunas de sus publicaciones<\/strong><\/a><\/span>.<\/p>\n<p><a href=\"https:\/\/www.eventbrite.com\/e\/community-events-at-cultivating-cooperative-roots-conference-tickets-20065889616\">\u00a0<span style=\"color: #ff9900;\"><strong>Acomp\u00e1\u00f1enos el s\u00e1bado 6 de febrero del 2016 a las 4 de la tarde,<\/strong><strong>\u00a0<\/strong><\/span><\/a><strong>por lo que es seguro ser\u00e1 una conferencia informativa e inspiradora. Este evento es gratis para los que se han registrado en la conferencia!<\/strong><\/p>\n<h6 style=\"text-align: center;\"><span style=\"color: #008000;\"><strong>Miembros de la Comunidad a quienes les gustar\u00eda asistir a este evento tienen dos opciones:<\/strong><\/span><\/h6>\n<ul>\n<li><strong><em>Opci\u00f3n A:<\/em><\/strong>Asistir a la conferencia de David Thompson seguido por una recepci\u00f3n con cena \u2013\u00a0<strong>$10<\/strong>\u00a0(bar de pago).<\/li>\n<li><strong><em>Opci\u00f3n B:<\/em><\/strong>Asistir a la conferencia de David Thompson, la recepci\u00f3n cena, y la cena hecha con alimentos locales de tres platillos \u2013\u00a0<strong>$30\u00a0<\/strong>(bar de pago).\n<ul>\n<li>Si no puede asistir a la conferencia de David Thompson pero le gustar\u00eda acompa\u00f1arnos para la cena hecha con alimentos locales \u2013\u00a0<strong>$25.<\/strong><\/li>\n<\/ul>\n<\/li>\n<\/ul>\n<h4 style=\"text-align: center;\"><a href=\"https:\/\/www.eventbrite.com\/e\/community-events-at-cultivating-cooperative-roots-conference-tickets-20065889616\"><strong>Compre sus boletos Ya!<\/strong><\/a><\/h4>\n","protected":false},"excerpt":{"rendered":"<p>Estamos encantados de anunciar que \u00a0David Thompson, que en el 2010 fue reclutado al sal\u00f3n de la Fama de Cooperativas, ha acordado en ser el orador Principal de la Conferencia Cultivando las Ra\u00edces de las Cooperativas, el s\u00e1bado 6 de febrero del 2016! David Thompson es un pionero en el movimiento cooperativo a nivel nacional &hellip; <a href=\"http:\/\/roots.nwcdc.coop\/es\/discurso-inaugural-david-thompson-2\/\" class=\"more-link\">Continue reading <span class=\"screen-reader-text\">Discurso Inaugural \u2013 David Thompson<\/span> <span class=\"meta-nav\">&rarr;<\/span><\/a><\/p>\n","protected":false},"author":3,"featured_media":0,"parent":0,"menu_order":0,"comment_status":"closed","ping_status":"closed","template":"","meta":[],"_links":{"self":[{"href":"http:\/\/roots.nwcdc.coop\/es\/wp-json\/wp\/v2\/pages\/1311"}],"collection":[{"href":"http:\/\/roots.nwcdc.coop\/es\/wp-json\/wp\/v2\/pages"}],"about":[{"href":"http:\/\/roots.nwcdc.coop\/es\/wp-json\/wp\/v2\/types\/page"}],"author":[{"embeddable":true,"href":"http:\/\/roots.nwcdc.coop\/es\/wp-json\/wp\/v2\/users\/3"}],"replies":[{"embeddable":true,"href":"http:\/\/roots.nwcdc.coop\/es\/wp-json\/wp\/v2\/comments?post=1311"}],"version-history":[{"count":1,"href":"http:\/\/roots.nwcdc.coop\/es\/wp-json\/wp\/v2\/pages\/1311\/revisions"}],"predecessor-version":[{"id":1313,"href":"http:\/\/roots.nwcdc.coop\/es\/wp-json\/wp\/v2\/pages\/1311\/revisions\/1313"}],"wp:attachment":[{"href":"http:\/\/roots.nwcdc.coop\/es\/wp-json\/wp\/v2\/media?parent=1311"}],"curies":[{"name":"wp","href":"https:\/\/api.w.org\/{rel}","templated":true}]}}