{"id":1302,"date":"2016-01-31T15:49:14","date_gmt":"2016-01-31T23:49:14","guid":{"rendered":"http:\/\/roots.nwcdc.coop\/es\/?page_id=1302"},"modified":"2016-01-31T15:49:14","modified_gmt":"2016-01-31T23:49:14","slug":"viernes-5-de-febrero","status":"publish","type":"page","link":"http:\/\/roots.nwcdc.coop\/es\/viernes-5-de-febrero\/","title":{"rendered":"Viernes 5 de Febrero"},"content":{"rendered":"<h4 style=\"text-align: center;\">Sesiones y Talleres<\/h4>\n<p style=\"text-align: center;\"><a href=\"http:\/\/roots.nwcdc.coop\/wp-content\/uploads\/2015\/12\/fridayagenda1.png\"><strong>Viernes 5 de Febrero<\/strong><\/a><\/p>\n<p style=\"text-align: center;\"><a href=\"http:\/\/roots.nwcdc.coop\/wp-content\/uploads\/2016\/01\/Full-Agenda-Viernes-ESP.jpg\" rel=\"attachment wp-att-1295\"><img loading=\"lazy\" class=\"wp-image-1295 aligncenter\" src=\"http:\/\/roots.nwcdc.coop\/wp-content\/uploads\/2016\/01\/Full-Agenda-Viernes-ESP-300x120.jpg\" alt=\"Full Agenda Viernes ESP\" width=\"550\" height=\"220\" srcset=\"http:\/\/roots.nwcdc.coop\/wp-content\/uploads\/2016\/01\/Full-Agenda-Viernes-ESP-300x120.jpg 300w, http:\/\/roots.nwcdc.coop\/wp-content\/uploads\/2016\/01\/Full-Agenda-Viernes-ESP-768x306.jpg 768w, http:\/\/roots.nwcdc.coop\/wp-content\/uploads\/2016\/01\/Full-Agenda-Viernes-ESP-1024x408.jpg 1024w, http:\/\/roots.nwcdc.coop\/wp-content\/uploads\/2016\/01\/Full-Agenda-Viernes-ESP.jpg 1240w\" sizes=\"(max-width: 550px) 100vw, 550px\" \/><\/a><strong><em>Haga clic para ampliar la\u00a0 imagen.<\/em><\/strong><\/p>\n<h5 style=\"text-align: center;\"><strong>9:30-10:00 am \u2013\u00a0<\/strong><span style=\"color: #0000ff;\"><strong>Actividad de Bienvenida <\/strong><\/span><\/h5>\n<p style=\"text-align: center;\">Acomp\u00e1\u00f1enos para una breve introducci\u00f3n de los objetivos de la Conferencia, conocer a sus compa\u00f1eros que asisten a la conferencia y <strong>ganar un premio<\/strong>.<\/p>\n<h5 style=\"text-align: center;\"><strong>10:00 a 11:30am<\/strong><\/h5>\n<p><span style=\"color: #008000;\"><strong>Las Cooperativas como un veh\u00edculo para el cambio Social\u00a0\u2013 Anna Isaacs (207)<\/strong><\/span><\/p>\n<p><strong>Sesi\u00f3n tipo Caf\u00e9:<\/strong>\u00a0En los Estados Unidos, el <strong>sistema de alimentos est\u00e1 conectado a la clase y raza<\/strong> &#8211; quien produce alimentos, qui\u00e9n tiene acceso a alimentos saludables y quien desproporcionadamente siente el impacto negativo de los sistemas de alimentos. Acceso a los alimentos y la interacci\u00f3n con alimentos saludables est\u00e1 influenciado por clase y raza. Queremos que las cooperativas sean un veh\u00edculo para abordar y resolver estos problemas. A nivel internacional, regional y local hay mucho que aprender y somos afortunados de tener a l\u00edderes para este taller para compartir el trabajo cooperativo que est\u00e1n haciendo, mientras que tambi\u00e9n desafiando y ampliando lo que el trabajo cooperativo parece y puede hacer. Hay <strong>7 principios cooperativos<\/strong>. Queremos compartirlos con ustedes y por lo menos usar 3 principios como una herramienta para enraizarnos en por lo que estamos todos aqu\u00ed en esta conferencia y establecer buenas intenciones para nuestro tiempo aqu\u00ed. (<span style=\"color: #0000ff;\"><strong>Comunicaci\u00f3n<\/strong><\/span>, <span style=\"color: #808080;\"><strong>gesti\u00f3n<\/strong><\/span>) (Esta sesi\u00f3n es parte de la <strong>sesi\u00f3n para j\u00f3venes<\/strong> pero est\u00e1 abierta a todos!).<\/p>\n<p><span style=\"color: #008000;\"><strong>Cooperativas Agr\u00edcolas: Mas All\u00e1 de la Granja\u2013 Javier Gonz\u00e1lez, Jaime Villalaz, Rodrigo Cala, Aaron Blythe, and Pakou Hang (206C)<\/strong><\/span><\/p>\n<p><strong>Mesa Redonda<\/strong>:\u00a0<em>Incubadora para Cooperativas Agr\u00edcolas<\/em>\u00a0\u2013Aprenda m\u00e1s sobre la experiencia de la Cooperativa Agua Gorda, comenzando como una micro-granja en 2012 y creciendo para comprar una finca de 54 hect\u00e1reas en el 2015.<\/p>\n<p><em>Cooperativa de Comercializaci\u00f3n<\/em>\u00a0\u2013 Presentaci\u00f3n por Rodrigo Cala, Co-presidente de la Cooperativa Shared Ground Farmers\u2019 y Aaron Blythe, empleado de Shared Ground.<\/p>\n<p><em>Asociaci\u00f3n Cooperativa de la Propiedad de Terrenos agr\u00edcolas \u2013 <\/em>presentaci\u00f3n por Pakou Hang, Asociaci\u00f3n de Agricultores Hmong Americanos, describiendo la Granja HAFA de 155 Acres con 20 agricultores Hmong. <strong>(<span style=\"color: #0000ff;\">Comunicaci\u00f3n<\/span><\/strong><strong>, <\/strong><span style=\"color: #808080;\"><strong>Gesti\u00f3n<\/strong><\/span><strong>, <\/strong><span style=\"color: #800080;\"><strong>Mercadeo<\/strong><\/span><strong>, <\/strong><span style=\"color: #ff9900;\"><strong>Contabilidad y Finanzas<\/strong><\/span><strong>)\u00a0<\/strong>(\u00a1Esta Presentaci\u00f3n es parte de la <span style=\"color: #993366;\"><strong>Sesi\u00f3n Latina <\/strong><\/span>pero est\u00e1 abierta a todos!)<\/p>\n<p><span style=\"color: #008000;\"><strong>Participaci\u00f3n de los Miembros \u2013 Molly Gibbs (206B)<\/strong><\/span><\/p>\n<p><strong>Taller<\/strong>: Aprenda las mejores pr\u00e1cticas para la participaci\u00f3n y comunicaci\u00f3n con los miembros de su cooperativa, as\u00ed como la forma para aprovechar al m\u00e1ximo su base de voluntarios<strong>. (<\/strong><span style=\"color: #0000ff;\"><strong>Comunicaci\u00f3n<\/strong><\/span><strong>, <\/strong><span style=\"color: #800080;\"><strong>Mercadeo<\/strong><\/span><strong>)<\/strong><\/p>\n<h5 style=\"text-align: center;\"><strong>11:30 am-1:00 pm \u2013\u00a0<\/strong><span style=\"color: #008000;\"><strong>Almuerzo<\/strong><\/span><\/h5>\n<h5 style=\"text-align: center;\"><strong>1:00-3:00 pm<\/strong><\/h5>\n<p><span style=\"color: #008000;\"><strong>Movimiento Cooperativo y Proyecto Visi\u00f3n \u2013 Anna Isaacs (207)<\/strong><\/span><\/p>\n<p><strong>Taller:\u00a0<\/strong>Desarrollamos empresas fuertes, sistemas de alimentaci\u00f3n y organizaciones y comunidades cuando estamos basados en la equidad. Al empezar a crear o ampliar su Cooperativa deben abordar estas tres preguntas:<\/p>\n<ol>\n<li>\u00bfQu\u00e9\u00a0necesidad de\u00a0tu comunidad\u00a0\u00bfquieres\u00a0atender?<\/li>\n<li>\u00bfC\u00f3mo imaginas hacer frente a esta necesidad, \u00bfcu\u00e1l es el concepto de su proyecto?<\/li>\n<li>\u00bfCu\u00e1les son algunos de los obst\u00e1culos que prev\u00e9 en este proyecto e ideas para superarlos?<\/li>\n<\/ol>\n<p>(<span style=\"color: #0000ff;\"><strong>Comunicaci\u00f3n<\/strong><\/span>) (Este taller es parte de la <span style=\"color: #999999;\"><strong>Sesi\u00f3n para J\u00f3venes<\/strong><\/span>\u00a0pero est\u00e1 abierta a todos!).<\/p>\n<p><span style=\"color: #008000;\"><strong>Los Beneficios de las Cooperativas de los Trabajadores \u2013 <\/strong><strong>John Flory y Vanessa Bransburg (206C)<\/strong><\/span><\/p>\n<p><strong>Mesa Redonda:\u00a0<\/strong>Una visi\u00f3n general de la Fundaci\u00f3n y el \u00e9xito de las cooperativas de Conserjes en varios Estados. (<span style=\"color: #0000ff;\"><strong>Comunicaci\u00f3n<\/strong><\/span>,\u00a0<span style=\"color: #808080;\"><strong>Gobernanza<\/strong><\/span>) (Este taller es parte de la <span style=\"color: #800080;\"><strong>Sesi\u00f3n Latina <\/strong><\/span>pero est\u00e1 abierta a todos!)<\/p>\n<p><span style=\"color: #008000;\"><strong>Contando la historia financiera &#8211; Mieka Briejer (206D)<\/strong><\/span><\/p>\n<p><strong>Taller:\u00a0<\/strong>\u201cContando la historia financiera\u201d se centrar\u00e1 en dos \u00e1reas, 1) Debatiremos el tema de las finanzas, que a menudo es una conversaci\u00f3n de gran importancia y puede ser dif\u00edcil y 2) la importancia de mirar los Estados financieros con el tiempo, preguntando, &#8220;\u00bfCu\u00e1les son las tendencias?&#8221; y &#8221; \u00bfC\u00f3mo te relacionas con el rendimiento de la compa\u00f1\u00eda?&#8221;,<\/p>\n<p><span style=\"color: #008000;\"><strong>Las muchas caras de gobernanza \u2013 Joe Garrison, Laura Ridenour, Emma Thomson (206B)<\/strong><\/span><\/p>\n<p><strong>Mesa Redonda:\u00a0<\/strong>Comparaci\u00f3n de consenso, el gobierno de la pol\u00edtica, procedimiento parlamentario y sociocracia. \u00bfQu\u00e9 funcionar\u00e1 mejor para su organizaci\u00f3n? Las preguntas para los panelistas ser\u00e1n dise\u00f1ados para provocar respuestas que se refieren a c\u00f3mo un estilo de gesti\u00f3n particular refleja la cultura y las necesidades de la cooperativa. No intentar\u00e1n elevar un m\u00e9todo sobre otro, sino para dar al p\u00fablico un sentido de que tan variada es la toma de decisiones en los estilos de gesti\u00f3n dentro de la comunidad de Cooperativas. (<strong><span style=\"color: #808080;\">Gobernanza<\/span>).\u00a0 <\/strong><\/p>\n<h5 style=\"text-align: center;\"><strong>3:00-3:30 pm \u2013\u00a0<\/strong><span style=\"color: #008000;\"><strong>Receso<\/strong><\/span><\/h5>\n<h5 style=\"text-align: center;\"><strong>3:30-5:00 pm<\/strong><\/h5>\n<p><span style=\"color: #008000;\"><strong>Nuevos y alternativos modelos de financiaci\u00f3n\u00a0\u2013 Joel Williamson and Teri McKenzie (206D)<\/strong><\/span><\/p>\n<p><strong>Taller:<\/strong>\u00a0Esta presentaci\u00f3n incluir\u00e1 un resumen de los principios contables y legales que rigen las cooperativas, incluyendo las leyes de gobierno corporativo, legislaci\u00f3n laboral y fiscal \/ normas y reglamentos de contabilidad. Vamos a explorar:<\/p>\n<p>&#8211; Pr\u00e9stamos P\u00fablicos Financiados por\u00a0 &#8211; Capital de Origen comunitario<br \/>\n&#8211; Club de Prestamos Privados \u2013 Inversiones Visi\u00f3n Local<\/p>\n<p>&#8211; Prestamos de Compa\u00f1ero a Compa\u00f1ero \u2013 INWFN Programa de Inversi\u00f3n Local<\/p>\n<p>&#8211; Fondos de Pr\u00e9stamos &#8211; El Mundo del Trabajo y Cooperativa de Capital Compartido<\/p>\n<p>&#8211; Capital Preferente \u2013 Alimentos LINC como caso de estudio<\/p>\n<p><strong>(<\/strong><span style=\"color: #ff9900;\"><strong>Contabilidad y Finanzas<\/strong><\/span><strong>) <\/strong><\/p>\n<p><span style=\"color: #008000;\"><strong>Cooperativa Mercados P\u00fablicos \u2013 John Flory and Nathan Teske (206C)<\/strong><\/span><\/p>\n<p><strong>Mesa Redonda:\u00a0<\/strong>Presentaci\u00f3n por John Flory del Centro de Desarrollo Econ\u00f3mico Latino que describe el Mercado Cooperativo Central de Minneapolis, un Mercado Latino que abri\u00f3 con 47 micro empresas en un edificio hace 16 a\u00f1os. Tambi\u00e9n escucharan de Nathan Teske describir el Mercado de Portland que abri\u00f3 en Portland, Oregon en el 2015. (<span style=\"color: #0000ff;\"><strong>Comunicaci\u00f3n<\/strong><\/span><strong>, <\/strong><span style=\"color: #800080;\"><strong>Mercadeo<\/strong><\/span>) (Esta Mesa Redonda es parte de la\u00a0<span style=\"color: #993366;\"><strong>Sesi\u00f3n Latina<\/strong><\/span>\u00a0pero est\u00e1 abierta para todos!)<\/p>\n<p><span style=\"color: #008000;\"><strong>Plan para el \u00c9xito con el Mercadeo Estrat\u00e9gico, Terri Krohn (206B)<\/strong><\/span><\/p>\n<p>En esta presentaci\u00f3n usted aprender\u00e1 c\u00f3mo hacer m\u00e1s productivos sus esfuerzos de mercadeo a trav\u00e9s de la planificaci\u00f3n de mercadeo eficaz. (<span style=\"color: #800080;\"><strong>Mercadeo<\/strong><\/span>)<\/p>\n<h5 style=\"text-align: center;\"><strong>6:00-8:00 pm \u2013\u00a0<\/strong><span style=\"color: #008000;\"><strong>Recepci\u00f3n de Bienvenida<\/strong><\/span><\/h5>\n<h5 style=\"text-align: center;\"><strong>8:00-10:00 pm \u2013\u00a0<\/strong><span style=\"color: #008000;\"><strong>Noche de Pel\u00edcula (207)<\/strong><\/span><\/h5>\n<p style=\"text-align: left;\">Acomp\u00e1\u00f1anos\u00a0para la\u00a0presentaci\u00f3n de, <span style=\"color: #ff9900;\"><a style=\"color: #ff9900;\" href=\"http:\/\/foodforchange.coop\/\"><strong>Alimento para el Cambio<\/strong> <\/a><\/span>un documental de 82 minutos que\u00a0examina\u00a0el\u00a0papel\u00a0que los alimentos\u00a0juegan y contin\u00faan jugando, en\u00a0nuestros\u00a0sistemas sociales y econ\u00f3micos. \u00a1Les invitamos a que se queden unos\u00a0minutos despu\u00e9s\u00a0de\u00a0la pel\u00edcula para una\u00a0discusi\u00f3n animada!<\/p>\n<p>&nbsp;<\/p>\n","protected":false},"excerpt":{"rendered":"<p>Sesiones y Talleres Viernes 5 de Febrero Haga clic para ampliar la\u00a0 imagen. 9:30-10:00 am \u2013\u00a0Actividad de Bienvenida Acomp\u00e1\u00f1enos para una breve introducci\u00f3n de los objetivos de la Conferencia, conocer a sus compa\u00f1eros que asisten a la conferencia y ganar un premio. 10:00 a 11:30am Las Cooperativas como un veh\u00edculo para el cambio Social\u00a0\u2013 Anna &hellip; <a href=\"http:\/\/roots.nwcdc.coop\/es\/viernes-5-de-febrero\/\" class=\"more-link\">Continue reading <span class=\"screen-reader-text\">Viernes 5 de Febrero<\/span> <span class=\"meta-nav\">&rarr;<\/span><\/a><\/p>\n","protected":false},"author":3,"featured_media":0,"parent":0,"menu_order":0,"comment_status":"closed","ping_status":"closed","template":"","meta":[],"_links":{"self":[{"href":"http:\/\/roots.nwcdc.coop\/es\/wp-json\/wp\/v2\/pages\/1302"}],"collection":[{"href":"http:\/\/roots.nwcdc.coop\/es\/wp-json\/wp\/v2\/pages"}],"about":[{"href":"http:\/\/roots.nwcdc.coop\/es\/wp-json\/wp\/v2\/types\/page"}],"author":[{"embeddable":true,"href":"http:\/\/roots.nwcdc.coop\/es\/wp-json\/wp\/v2\/users\/3"}],"replies":[{"embeddable":true,"href":"http:\/\/roots.nwcdc.coop\/es\/wp-json\/wp\/v2\/comments?post=1302"}],"version-history":[{"count":1,"href":"http:\/\/roots.nwcdc.coop\/es\/wp-json\/wp\/v2\/pages\/1302\/revisions"}],"predecessor-version":[{"id":1304,"href":"http:\/\/roots.nwcdc.coop\/es\/wp-json\/wp\/v2\/pages\/1302\/revisions\/1304"}],"wp:attachment":[{"href":"http:\/\/roots.nwcdc.coop\/es\/wp-json\/wp\/v2\/media?parent=1302"}],"curies":[{"name":"wp","href":"https:\/\/api.w.org\/{rel}","templated":true}]}}