{"id":1282,"date":"2016-01-30T19:51:17","date_gmt":"2016-01-31T03:51:17","guid":{"rendered":"http:\/\/roots.nwcdc.coop\/es\/?page_id=1282"},"modified":"2016-01-31T14:48:04","modified_gmt":"2016-01-31T22:48:04","slug":"programa","status":"publish","type":"page","link":"http:\/\/roots.nwcdc.coop\/es\/programa\/","title":{"rendered":"Programa"},"content":{"rendered":"<h5 style=\"text-align: center;\"><strong>\u00a1Estamos entusiasmados esperando este din\u00e1mico fin de semana y esperamos que usted tambi\u00e9n!<\/strong><\/h5>\n<p><a href=\"http:\/\/roots.nwcdc.coop\/wp-content\/uploads\/2016\/01\/Full-Agenda-V12-ESP.jpg\" rel=\"attachment wp-att-1294\"><img loading=\"lazy\" class=\"wp-image-1294 aligncenter\" src=\"http:\/\/roots.nwcdc.coop\/wp-content\/uploads\/2016\/01\/Full-Agenda-V12-ESP-300x229.jpg\" alt=\"Full Agenda V12 ESP\" width=\"557\" height=\"425\" srcset=\"http:\/\/roots.nwcdc.coop\/wp-content\/uploads\/2016\/01\/Full-Agenda-V12-ESP-300x229.jpg 300w, http:\/\/roots.nwcdc.coop\/wp-content\/uploads\/2016\/01\/Full-Agenda-V12-ESP-768x585.jpg 768w, http:\/\/roots.nwcdc.coop\/wp-content\/uploads\/2016\/01\/Full-Agenda-V12-ESP-1024x780.jpg 1024w, http:\/\/roots.nwcdc.coop\/wp-content\/uploads\/2016\/01\/Full-Agenda-V12-ESP.jpg 1059w\" sizes=\"(max-width: 557px) 100vw, 557px\" \/><\/a>Aqu\u00ed est\u00e1 la<span style=\"color: #ff9900;\">\u00a0<\/span><a href=\"http:\/\/roots.nwcdc.coop\/wp-content\/uploads\/2013\/11\/Full Agenda V12 ESP.pdf\"><span style=\"color: #ff9900;\"><strong>agenda general<\/strong><\/span>\u00a0<\/a>para la conferencia (o dele clic a la imagen abajo).<\/p>\n<p style=\"text-align: center;\">Hay <strong>m\u00e1s de 25 sesiones, charlas y talleres, dos recepciones con servicio de comida (\u00a1gratis!), una cena hecha con alimentos locales, 3 excelentes\u00a0excursiones, y suficiente tiempo para\u00a0conocer gente nueva y visitar a viejos amigos.<\/strong> Estamos encantados de anunciar que <strong>David Thompson<\/strong>, Presidente de la Fundaci\u00f3n de la Cooperativa Dos Pinos <span style=\"color: #ff6600;\"><strong><a style=\"color: #ff6600;\" href=\"http:\/\/roots.nwcdc.coop\/keynote-address\/\"><u>Ser\u00e1 el Orador Principal del 2016<\/u><\/a><\/strong><\/span><strong>.<\/strong>\u00a0\u00a0\u00a0Al agregar sesiones y talleres procuraremos actualizar el calendario as\u00ed que aseg\u00farese de consultar esta p\u00e1gina regularmente para ver qu\u00e9 otras cosas estar\u00e1n pasando en conferencia <strong>Cultivando las Ra\u00edces de las Cooperativas<\/strong>.<\/p>\n<h5 style=\"text-align: center;\"><strong>Calendario de Talleres y Sesiones el\u00a0<\/strong><span style=\"color: #ff6600;\"><a style=\"color: #ff6600;\" href=\"http:\/\/roots.nwcdc.coop\/schedule\/sessions-2\/\"><strong>Viernes<\/strong><\/a><\/span><strong>!<\/strong><\/h5>\n<h5 style=\"text-align: center;\"><strong>Calendario de Talleres y Sesiones el\u00a0<\/strong><span style=\"color: #ff6600;\"><a style=\"color: #ff6600;\" href=\"http:\/\/roots.nwcdc.coop\/schedule\/workshops\/\"><strong>S\u00e1bado<\/strong><\/a><\/span><strong>!<\/strong><\/h5>\n<h5 style=\"text-align: center;\"><strong>Para m\u00e1s informaci\u00f3n sobre nuestras emocionantes excursiones el\u00a0<\/strong><span style=\"color: #ff6600;\"><a style=\"color: #ff6600;\" href=\"http:\/\/roots.nwcdc.coop\/schedule\/sample-page\/\"><strong>Domingo Presione Aqu\u00ed<\/strong><\/a><strong>!<\/strong><\/span><\/h5>\n<h5 style=\"text-align: center;\"><span style=\"color: #008000;\"><strong>\u00a1Este a\u00f1o estaremos ofreciendo una amplia variedad de tipos de sesiones.\u00a0 \u00a1V\u00e9alas aqu\u00ed<\/strong><strong>!:<\/strong><\/span><\/h5>\n<ol>\n<li><span style=\"color: #008000;\"><strong>Mesa Redonda<\/strong><\/span>\u2013 Los oradores centrar\u00e1n\u00a0sus\u00a0presentaciones\u00a0en uno de\u00a0los\u00a0siguientes temas\u00a0de la\u00a0Conferencia (contabilidad\u00a0y\u00a0finanzas, administraci\u00f3n, mercadeo, comunicaciones)\u00a0y\u00a0compartir\u00e1n\u00a0historias, recursos\u00a0o\u00a0habilidades con el resto de los\u00a0participantes\u00a0de la Conferencia.<\/li>\n<li><span style=\"color: #008000;\"><strong>Sesione tipo Caf\u00e9<\/strong><\/span>\u2013 Lideres de sesi\u00f3n guiar\u00e1n\u00a0a\u00a0la\u00a0audiencia\u00a0a trav\u00e9s\u00a0de conversaciones\u00a0dirigidas\u00a0proporcionando\u00a0informaci\u00f3n\u00a0y\u00a0los\u00a0posibles puntos\u00a0de discusi\u00f3n.\u00a0Los\u00a0salones se\u00a0pueden\u00a0organizar con mesas\u00a0peque\u00f1as\u00a0para\u00a0ayudar a\u00a0facilitar las conversaciones\u00a0del\u00a0grupo.<\/li>\n<li><span style=\"color: #008000;\"><strong>Sesi\u00f3n con Limites<\/strong><\/span>\u2013 se hacen dos preguntas, \u201cdonde estamos\u201d y \u201chacia d\u00f3nde vamos\u201d. El\u00a0objetivo\u00a0es\u00a0una\u00a0conversaci\u00f3n animada\u00a0con\u00a0un\u00a0rango de\u00a0posible direcci\u00f3n\u00a0y\u00a0resultados.<\/li>\n<li><span style=\"color: #008000;\"><strong>Sesi\u00f3n Colaborativa<\/strong><\/span>\u2013 re\u00fane a los participantes presentes para trabajar en o aportar a un proyecto espec\u00edfico o producto.<\/li>\n<li><span style=\"color: #008000;\"><strong>Taller<\/strong><\/span>\u2013 oportunidad de aprendizaje practico que aumenta la capacidad de los participantes para resolver problemas espec\u00edficos.<\/li>\n<li><span style=\"color: #008000;\"><strong>Sesi\u00f3n de Poster<\/strong><\/span>\u2013 \u00bfno\u00a0le\u00a0gusta\u00a0hablar frente\u00a0la audiencia?\u00a0\u00bfCreo que\u00a0su\u00a0proyecto\u00a0es\u00a0m\u00e1s\u00a0adecuado\u00a0para\u00a0un\u00a0cartel\u00a0o\u00a0un\u00a0cortometraje? \u00a1No hay problema!\u00a0Tendremos\u00a0una\u00a0sesi\u00f3n\u00a0de\u00a0carteles\u00a0el\u00a0s\u00e1bado\u00a0por la noche\u00a0donde puedes compartir tu\u00a0gran\u00a0proyecto,\u00a0nuevas\u00a0ideas\u00a0y experiencias\u00a0personales.<\/li>\n<\/ol>\n<p>Si\u00a0desea\u00a0ser\u00a0parte\u00a0de\u00a0nuestra\u00a0sesi\u00f3n\u00a0de\u00a0posters tiene hasta el 27 de enero para<span style=\"color: #ff9900;\"> <a style=\"color: #ff9900;\" href=\"http:\/\/roots.nwcdc.coop\/submit-and-abstract\/\"><strong>Enviar un Resumen<\/strong><\/a><\/span>.<\/p>\n<h4 style=\"text-align: center;\"><span style=\"color: #008000;\"><strong>Eventos divertidos de la Conferencia:<\/strong><\/span><\/h4>\n<p><span style=\"color: #008000;\"><strong>\u00a0<\/strong><strong>Recepci\u00f3n de Bienvenida (Viernes de 6-8pm)<\/strong><\/span>\u00a0\u2013 \u00danete a\u00a0nosotros\u00a0para saborear deliciosas\u00a0bebidas, comida local y un\u00a0poco\u00a0de\u00a0socializaci\u00f3n. <em>Costo incluido en la inscripci\u00f3n a la Conferencia, servicio de bar (de Pago).<\/em><\/p>\n<p><strong>\u00a0<\/strong><strong><span style=\"color: #008000;\">Noche\u00a0de\u00a0pel\u00edcula\u00a0(viernes,\u00a08:15 \u2013 10 pm)<\/span>\u00a0<\/strong>\u2013 Se nos\u00a0ha\u00a0permitido\u00a0utilizar\u00a0una excelente peque\u00f1a sala de cine local para\u00a0exhibir una\u00a0pel\u00edcula\u00a0el viernes por la noche.\u00a0Ahora s\u00f3lo tenemos que\u00a0elegir una pel\u00edcula\u00a0y necesitamos su\u00a0participaci\u00f3n para seleccionar una! Si usted\u00a0tiene\u00a0una\u00a0pel\u00edcula favorita sobre movimientos locales de alimentos\u00a0o cooperativas d\u00e9jenos\u00a0saber. Haga su\u00a0sugerencia en la secci\u00f3n de comentarios! <em>Costo incluido en la inscripci\u00f3n a la Conferencia.<\/em><\/p>\n<p><span style=\"color: #008000;\"><strong>Sesi\u00f3n de Poster y Recepci\u00f3n (S\u00e1bado, 5-6:45 pm)<\/strong><\/span><strong>\u00a0<\/strong>\u2013 Nos complace ofrecer una sesi\u00f3n de posters el\u00a0s\u00e1bado\u00a0por la\u00a0noche. Los\u00a0posters se exhibir\u00e1n\u00a0todo\u00a0el\u00a0d\u00eda\u00a0pero si pasa por la noche\u00a0tendr\u00e1 la oportunidad de\u00a0hablar\u00a0con los autores!\u00a0As\u00ed que acomp\u00e1\u00f1enos para una copa y un aperitivo delicioso mientras\u00a0aprenden m\u00e1s\u00a0sobre\u00a0las cooperativas\u00a0de\u00a0todo\u00a0el\u00a0pa\u00eds.\u00a0Tambi\u00e9n auspiciaremos nuestra subasta silenciosa durante esta\u00a0recepci\u00f3n\u00a0as\u00ed es que\u00a0traiga\u00a0su billetera!!!! <em>Costo incluido en la inscripci\u00f3n a la Conferencia, s<\/em>ervicio de bar (de pago).<\/p>\n<p><strong>\u00a0<\/strong><span style=\"color: #008000;\"><strong>Cena hecha con alimentos Locales (S\u00e1bado, 7- 9 pm)<\/strong><\/span>\u00a0\u2013 El Interior del Noroeste tiene un arsenal incre\u00edble de agricultores, alimentos, cervecer\u00edas y vinater\u00edas! Estamos encantados de organizar una cena que resaltara la generosidad del Interior del Noroeste. <span style=\"color: #ff9900;\"><a style=\"color: #ff9900;\" href=\"http:\/\/roots.nwcdc.coop\/community-participation\/local-foods-dinner\/\">\u00a0<strong>Acomp\u00e1\u00f1enos para una suntuosa cena de tres platillos!<\/strong><\/a><\/span> <em>El costo <strong>NO est\u00e1 <\/strong>incluido en la inscripci\u00f3n a la conferencia. Cargo adicional de $10.<\/em><\/p>\n<h3><em>Deje<\/em><em> un <\/em><em>Comentario<\/em><\/h3>\n<p>Comentario:<\/p>\n<p>&nbsp;<\/p>\n","protected":false},"excerpt":{"rendered":"<p>\u00a1Estamos entusiasmados esperando este din\u00e1mico fin de semana y esperamos que usted tambi\u00e9n! Aqu\u00ed est\u00e1 la\u00a0agenda general\u00a0para la conferencia (o dele clic a la imagen abajo). Hay m\u00e1s de 25 sesiones, charlas y talleres, dos recepciones con servicio de comida (\u00a1gratis!), una cena hecha con alimentos locales, 3 excelentes\u00a0excursiones, y suficiente tiempo para\u00a0conocer gente nueva &hellip; <a href=\"http:\/\/roots.nwcdc.coop\/es\/programa\/\" class=\"more-link\">Continue reading <span class=\"screen-reader-text\">Programa<\/span> <span class=\"meta-nav\">&rarr;<\/span><\/a><\/p>\n","protected":false},"author":3,"featured_media":0,"parent":0,"menu_order":0,"comment_status":"closed","ping_status":"closed","template":"","meta":[],"_links":{"self":[{"href":"http:\/\/roots.nwcdc.coop\/es\/wp-json\/wp\/v2\/pages\/1282"}],"collection":[{"href":"http:\/\/roots.nwcdc.coop\/es\/wp-json\/wp\/v2\/pages"}],"about":[{"href":"http:\/\/roots.nwcdc.coop\/es\/wp-json\/wp\/v2\/types\/page"}],"author":[{"embeddable":true,"href":"http:\/\/roots.nwcdc.coop\/es\/wp-json\/wp\/v2\/users\/3"}],"replies":[{"embeddable":true,"href":"http:\/\/roots.nwcdc.coop\/es\/wp-json\/wp\/v2\/comments?post=1282"}],"version-history":[{"count":3,"href":"http:\/\/roots.nwcdc.coop\/es\/wp-json\/wp\/v2\/pages\/1282\/revisions"}],"predecessor-version":[{"id":1297,"href":"http:\/\/roots.nwcdc.coop\/es\/wp-json\/wp\/v2\/pages\/1282\/revisions\/1297"}],"wp:attachment":[{"href":"http:\/\/roots.nwcdc.coop\/es\/wp-json\/wp\/v2\/media?parent=1282"}],"curies":[{"name":"wp","href":"https:\/\/api.w.org\/{rel}","templated":true}]}}