{"id":1276,"date":"2016-01-29T23:16:31","date_gmt":"2016-01-30T07:16:31","guid":{"rendered":"http:\/\/roots.nwcdc.coop\/es\/?page_id=1276"},"modified":"2016-01-30T19:24:29","modified_gmt":"2016-01-31T03:24:29","slug":"visitando-spokane","status":"publish","type":"page","link":"http:\/\/roots.nwcdc.coop\/es\/lugar-viaje-y-hospedaje-2\/visitando-spokane\/","title":{"rendered":"Visitando Spokane"},"content":{"rendered":"<p>Disfrute de su visita a Spokane, la segunda ciudad m\u00e1s grande de Washington y la puerta de entrada entre las monta\u00f1as rocosas y las monta\u00f1as cascadas. Adem\u00e1s de la Conferencia Cultivando las Ra\u00edces de las Cooperativas, hay muchas otras cosas que hacer. \u00a1Qu\u00e9dese un d\u00eda extra y tome ventaja de todo lo que el interior de noroeste tiene que ofrecer!<\/p>\n<h6><span style=\"color: #339966;\"><strong>Que est\u00e1 sucediendo en Spokane:<\/strong><\/span><\/h6>\n<p>Greater Spokane, Inc. ha creado un sitio informativo para visitantes incluyendo:<\/p>\n<ul>\n<li><strong><span style=\"color: #ff9900;\"><a style=\"color: #ff9900;\" href=\"http:\/\/www.visitspokane.com\/things-to-do\/\">Una Gu\u00eda de actividades no relacionadas con la conferencia<\/a>.<\/span><\/strong><\/li>\n<li><strong><span style=\"color: #ff9900;\"><a style=\"color: #ff9900;\" href=\"http:\/\/www.visitspokane.com\/trip-planning\/maps\/\">Mapas especializados<\/a><\/span><\/strong><\/li>\n<li><strong><span style=\"color: #ff9900;\">Diversi\u00f3n de Invierno<\/span><\/strong><\/li>\n<li><strong><span style=\"color: #ff9900;\">Gu\u00eda de Restaurantes<\/span><\/strong><\/li>\n<\/ul>\n<p>No se olviden que el interior del noroeste tiene una impresionante variedad de cervecer\u00edas locales y vinater\u00edas. Visite el<a href=\"http:\/\/inlandnwaletrail.com\/\"><strong>\u00a0<\/strong><span style=\"color: #ff9900;\"><strong>Ale Trail<\/strong><\/span><\/a><strong>\u00a0<\/strong>o considere visitor el <a href=\"http:\/\/www.visitspokane.com\/cork-district\/\"><strong>\u00a0<\/strong><span style=\"color: #ff9900;\"><strong>Spokane\u2019s Cork District!<\/strong><\/span><\/a><\/p>\n<p><a href=\"http:\/\/roots.nwcdc.coop\/wp-content\/uploads\/2015\/12\/AleTrail-colorLogo-web.png\" rel=\"attachment wp-att-906\"><img loading=\"lazy\" class=\"size-full wp-image-906 alignleft\" src=\"http:\/\/roots.nwcdc.coop\/wp-content\/uploads\/2015\/12\/AleTrail-colorLogo-web.png\" alt=\"AleTrail-colorLogo-web\" width=\"225\" height=\"235\" \/><\/a> <a href=\"http:\/\/roots.nwcdc.coop\/wp-content\/uploads\/2015\/12\/corksistrict.png\" rel=\"attachment wp-att-907\"><img loading=\"lazy\" class=\"alignnone size-full wp-image-907\" src=\"http:\/\/roots.nwcdc.coop\/wp-content\/uploads\/2015\/12\/corksistrict.png\" alt=\"corksistrict\" width=\"250\" height=\"132\" \/><\/a><\/p>\n<p>&nbsp;<\/p>\n<p>&nbsp;<\/p>\n<p><strong>Edificio(s) Comunitarios<\/strong><\/p>\n<p>En realidad dos edificios,\u00a0<a href=\"http:\/\/community-building.org\/buildings\/\">El Edificio Comunitario<\/a>\u00a0en 35 W. Main Street y <a href=\"http:\/\/community-building.org\/buildings\/\">El Edificio Saranac<\/a>\u00a0en 25 W. Main Street albergan una cantidad de grupos comunitarios y proporcionan espacio p\u00fablico para que la comunidad de Spokane se comprometa mutuamente. Tendremos varios eventos en el edificio comunitario incluyendo nuestros dos almuerzos del grupo juvenil, la Recepci\u00f3n de Bienvenida el viernes y tendremos un tour ah\u00ed el domingo.<\/p>\n<p><strong><a href=\"http:\/\/roots.nwcdc.coop\/wp-content\/uploads\/2015\/12\/communitybuilding.jpg\" rel=\"attachment wp-att-908\"><img loading=\"lazy\" class=\"size-medium wp-image-908 alignleft\" src=\"http:\/\/roots.nwcdc.coop\/wp-content\/uploads\/2015\/12\/communitybuilding-200x300.jpg\" alt=\"communitybuilding\" width=\"200\" height=\"300\" srcset=\"http:\/\/roots.nwcdc.coop\/wp-content\/uploads\/2015\/12\/communitybuilding-200x300.jpg 200w, http:\/\/roots.nwcdc.coop\/wp-content\/uploads\/2015\/12\/communitybuilding.jpg 628w\" sizes=\"(max-width: 200px) 100vw, 200px\" \/><\/a>\u00a0<\/strong><\/p>\n<p>&nbsp;<\/p>\n<p><strong> \u00a0 \u00a0 \u00a0\u00a0<a href=\"http:\/\/roots.nwcdc.coop\/wp-content\/uploads\/2015\/12\/saranac-commons.jpg\" rel=\"attachment wp-att-909\"><img loading=\"lazy\" class=\"alignnone wp-image-909\" src=\"http:\/\/roots.nwcdc.coop\/wp-content\/uploads\/2015\/12\/saranac-commons-300x115.jpg\" alt=\"saranac commons\" width=\"329\" height=\"126\" srcset=\"http:\/\/roots.nwcdc.coop\/wp-content\/uploads\/2015\/12\/saranac-commons-300x115.jpg 300w, http:\/\/roots.nwcdc.coop\/wp-content\/uploads\/2015\/12\/saranac-commons.jpg 362w\" sizes=\"(max-width: 329px) 100vw, 329px\" \/><\/a><\/strong><\/p>\n","protected":false},"excerpt":{"rendered":"<p>Disfrute de su visita a Spokane, la segunda ciudad m\u00e1s grande de Washington y la puerta de entrada entre las monta\u00f1as rocosas y las monta\u00f1as cascadas. Adem\u00e1s de la Conferencia Cultivando las Ra\u00edces de las Cooperativas, hay muchas otras cosas que hacer. \u00a1Qu\u00e9dese un d\u00eda extra y tome ventaja de todo lo que el interior &hellip; <a href=\"http:\/\/roots.nwcdc.coop\/es\/lugar-viaje-y-hospedaje-2\/visitando-spokane\/\" class=\"more-link\">Continue reading <span class=\"screen-reader-text\">Visitando Spokane<\/span> <span class=\"meta-nav\">&rarr;<\/span><\/a><\/p>\n","protected":false},"author":3,"featured_media":0,"parent":1266,"menu_order":0,"comment_status":"closed","ping_status":"closed","template":"","meta":[],"_links":{"self":[{"href":"http:\/\/roots.nwcdc.coop\/es\/wp-json\/wp\/v2\/pages\/1276"}],"collection":[{"href":"http:\/\/roots.nwcdc.coop\/es\/wp-json\/wp\/v2\/pages"}],"about":[{"href":"http:\/\/roots.nwcdc.coop\/es\/wp-json\/wp\/v2\/types\/page"}],"author":[{"embeddable":true,"href":"http:\/\/roots.nwcdc.coop\/es\/wp-json\/wp\/v2\/users\/3"}],"replies":[{"embeddable":true,"href":"http:\/\/roots.nwcdc.coop\/es\/wp-json\/wp\/v2\/comments?post=1276"}],"version-history":[{"count":1,"href":"http:\/\/roots.nwcdc.coop\/es\/wp-json\/wp\/v2\/pages\/1276\/revisions"}],"predecessor-version":[{"id":1278,"href":"http:\/\/roots.nwcdc.coop\/es\/wp-json\/wp\/v2\/pages\/1276\/revisions\/1278"}],"up":[{"embeddable":true,"href":"http:\/\/roots.nwcdc.coop\/es\/wp-json\/wp\/v2\/pages\/1266"}],"wp:attachment":[{"href":"http:\/\/roots.nwcdc.coop\/es\/wp-json\/wp\/v2\/media?parent=1276"}],"curies":[{"name":"wp","href":"https:\/\/api.w.org\/{rel}","templated":true}]}}