{"id":1266,"date":"2016-01-29T21:22:05","date_gmt":"2016-01-30T05:22:05","guid":{"rendered":"http:\/\/roots.nwcdc.coop\/es\/?page_id=1266"},"modified":"2016-01-30T19:21:04","modified_gmt":"2016-01-31T03:21:04","slug":"lugar-viaje-y-hospedaje-2","status":"publish","type":"page","link":"http:\/\/roots.nwcdc.coop\/es\/lugar-viaje-y-hospedaje-2\/","title":{"rendered":"Lugar, Viaje y Hospedaje"},"content":{"rendered":"<h5 style=\"text-align: center;\"><span style=\"color: #339966;\"><strong>Lugar de la Conferencia:<\/strong><\/span><\/h5>\n<h5 style=\"text-align: center;\"><span style=\"color: #ff6600;\"><strong>Centro de Convenciones de Spokane<\/strong><\/span><\/h5>\n<p>El campus del Centro de Convenciones de Spokane se encuentra a orillas del R\u00edo Spokane, situado en el coraz\u00f3n de la ciudad, ofrece vistas espectaculares de los 100 acres del parque Riverfront, junto y con acceso cercano a numerosos restaurantes, hoteles, oportunidades de entretenimiento y tiendas \u00fanicas. La misi\u00f3n principal del Centro de Convenciones de Spokane es generar beneficios econ\u00f3micos para la regi\u00f3n por el alojamiento de los visitantes que vienen a la ciudad y que asisten a convenciones, ferias y eventos deportivos.<\/p>\n<p>El centro de Convenci\u00f3n de Spokane es uno de los primeros edificios en el \u00e1rea de Spokane a ser galardonado con la calificaci\u00f3n de liderazgo del U.S. Green Building Council en energ\u00eda y dise\u00f1o ambiental (LEED), convirti\u00e9ndose en solamente el tercer centro de convenciones en los Estados Unidos que logra este premio. En los \u00faltimos cinco a\u00f1os el centro de convenciones ha contribuido $266 millones en gasto directo a la econom\u00eda regional, que lo hace uno de los motores econ\u00f3micos m\u00e1s importantes de Spokane.<\/p>\n<figure id=\"attachment_626\" aria-describedby=\"caption-attachment-626\" style=\"width: 300px\" class=\"wp-caption alignleft\"><a href=\"http:\/\/roots.nwcdc.coop\/wp-content\/uploads\/2015\/08\/spokaneconventioncenter.jpg\" rel=\"attachment wp-att-626\"><img loading=\"lazy\" class=\"size-medium wp-image-626\" src=\"http:\/\/roots.nwcdc.coop\/wp-content\/uploads\/2015\/08\/spokaneconventioncenter-300x200.jpg\" alt=\"Roof Deck view at the Spokane Convention Center\" width=\"300\" height=\"200\" srcset=\"http:\/\/roots.nwcdc.coop\/wp-content\/uploads\/2015\/08\/spokaneconventioncenter-300x200.jpg 300w, http:\/\/roots.nwcdc.coop\/wp-content\/uploads\/2015\/08\/spokaneconventioncenter-360x240.jpg 360w, http:\/\/roots.nwcdc.coop\/wp-content\/uploads\/2015\/08\/spokaneconventioncenter-690x460.jpg 690w, http:\/\/roots.nwcdc.coop\/wp-content\/uploads\/2015\/08\/spokaneconventioncenter.jpg 1000w\" sizes=\"(max-width: 300px) 100vw, 300px\" \/><\/a><figcaption id=\"caption-attachment-626\" class=\"wp-caption-text\">Vista desde la Terraza del Centro de Convenciones de\u00a0Spokane<\/figcaption><\/figure>\n<p>&nbsp;<\/p>\n<p>Centro de Convenciones de Spokane<\/p>\n<p><strong>\u00a0<\/strong><\/p>\n<p>&nbsp;<\/p>\n<p>&nbsp;<\/p>\n<p>&nbsp;<\/p>\n<p><strong>Alojamiento<\/strong><\/p>\n<p><strong><em>Hotel sede de la Conferencia \u2013\u00a0<\/em><\/strong><strong><em>\u00a0<\/em><\/strong><span style=\"color: #ff6600;\"><strong><a style=\"color: #ff6600;\" href=\"http:\/\/doubletree3.hilton.com\/en\/hotels\/washington\/doubletree-by-hilton-hotel-spokane-city-center-SPCC-DT\/index.html\">DoubleTree by Hilton Spokane City Center<\/a><\/strong><\/span><\/p>\n<p><span style=\"color: #ff6600;\"><a style=\"color: #ff6600;\" href=\"http:\/\/www.bing.com\/maps\/default.aspx?cp=47.66109~-117.414&amp;where1=DoubleTree%20by%20Hilton%20Hotel%20Spokane%20City%20Center&amp;ss=ypid.YN936x401005491&amp;FORM=SNAPST\"><strong>322 N Spokane Falls Ct, Spokane, WA 99201<\/strong><\/a><\/span><strong>, 1-509-455-9600<\/strong><\/p>\n<p>Tarifa de Habitaciones para la Conferencia (por noche):<\/p>\n<table width=\"557\">\n<tbody>\n<tr>\n<td width=\"115\"><strong>Habitaci\u00f3n<\/strong><\/td>\n<td width=\"111\"><strong>Sencilla<\/strong><\/td>\n<td width=\"108\"><strong>Doble<\/strong><\/td>\n<td width=\"109\"><strong>Triple<\/strong><\/td>\n<td width=\"114\"><strong>Cu\u00e1druple<\/strong><\/td>\n<\/tr>\n<tr>\n<td width=\"115\">1 Cama King<\/td>\n<td width=\"111\">$107<\/td>\n<td width=\"108\">$107<\/td>\n<td width=\"109\">$117<\/td>\n<td width=\"114\">$127<\/td>\n<\/tr>\n<tr>\n<td width=\"115\">2 Camas Queen<\/td>\n<td width=\"111\">$107<\/td>\n<td width=\"108\">$107<\/td>\n<td width=\"109\">$117<\/td>\n<td width=\"114\">$127<\/td>\n<\/tr>\n<\/tbody>\n<\/table>\n<p><a href=\"http:\/\/doubletree.hilton.com\/en\/dt\/groups\/personalized\/S\/SPCC-DT-NCD-20160205\/index.jhtml?WT.mc_id=POG\">\u00a1 Haga clic aqu\u00ed para reservar su habitaci\u00f3n ahora!<\/a><\/p>\n<p>En el coraz\u00f3n de la ciudad, el hotel DoubleTree by Hilton de la Ciudad de Spokane te pone justo en medio de la acci\u00f3n. Unida por un puente suspendido al Centro de Convenciones de Spokane, este elegante y confortable hotel est\u00e1 a poca distancia de un vibrante distrito de tiendas y restaurantes. Disfrute la ubicaci\u00f3n en la orilla del r\u00edo de Spokane mientras usted disfruta una deliciosa galleta con chispas de chocolate especialidad de DoubleTree al llegar a este hotel de Spokane.<\/p>\n<p>Lo que Destaca:<\/p>\n<ul>\n<li>Se localiza sobre el r\u00edo de Spokane a poca distancia de tiendas, restaurantes, el hermoso parque de Riverfront y otras atracciones locales<\/li>\n<li>Transporte gratis al aeropuerto (GEG); acceso est\u00e1ndar de WiFi en todas las habitaciones<\/li>\n<li>Respetuoso con el medio ambiente; Certificado Green Seal \u2013 bronce<\/li>\n<\/ul>\n<p><a href=\"http:\/\/roots.nwcdc.coop\/wp-content\/uploads\/2015\/08\/doubletreeatnight.jpg\" rel=\"attachment wp-att-627\"><img loading=\"lazy\" class=\"size-medium wp-image-627 alignleft\" src=\"http:\/\/roots.nwcdc.coop\/wp-content\/uploads\/2015\/08\/doubletreeatnight-300x240.jpg\" alt=\"doubletreeatnight\" width=\"300\" height=\"240\" srcset=\"http:\/\/roots.nwcdc.coop\/wp-content\/uploads\/2015\/08\/doubletreeatnight-300x240.jpg 300w, http:\/\/roots.nwcdc.coop\/wp-content\/uploads\/2015\/08\/doubletreeatnight-360x288.jpg 360w, http:\/\/roots.nwcdc.coop\/wp-content\/uploads\/2015\/08\/doubletreeatnight-574x460.jpg 574w, http:\/\/roots.nwcdc.coop\/wp-content\/uploads\/2015\/08\/doubletreeatnight.jpg 750w\" sizes=\"(max-width: 300px) 100vw, 300px\" \/><\/a><\/p>\n<p>&nbsp;<\/p>\n<p>&nbsp;<\/p>\n<p>&nbsp;<\/p>\n<p>&nbsp;<\/p>\n<p>&nbsp;<\/p>\n<p>&nbsp;<\/p>\n<p><strong><em>Tarifa para Estudiantes\u00a0<\/em><\/strong>\u2013\u00a0<a href=\"http:\/\/www.reservationcounter.com\/hotelsv3\/show\/123153\/best-western-plus-city-center\/?check-in=11\/11\/2015&amp;check-out=11\/15\/2015\"><strong>Best Western Plus, Centr<\/strong><\/a><strong>o de la Ciudad <\/strong><\/p>\n<p>22 W. Spokane Falls Blvd, Spokane, WA 99201 \u2013 509-623-9727<\/p>\n<p>Tarifa de Habitaciones para la Conferencia (por noche):<\/p>\n<table width=\"557\">\n<tbody>\n<tr>\n<td width=\"187\"><strong>Habitaci\u00f3n<\/strong><\/td>\n<td width=\"185\"><strong>1-2 personas<\/strong><\/td>\n<td width=\"185\"><strong>3-4 personas<\/strong><\/td>\n<\/tr>\n<tr>\n<td width=\"187\">Dos Camas Queen<\/td>\n<td width=\"185\">$85.00<\/td>\n<td width=\"185\">$92.00<\/td>\n<\/tr>\n<\/tbody>\n<\/table>\n<p><a href=\"http:\/\/book.bestwestern.com\/bestwestern\/groupSearch.do?groupId=3I1ZV9Q0\"><strong>\u00a1Haga clic aqu\u00ed para reservar su habitaci\u00f3n ahora!<\/strong><\/a><\/p>\n<p>El Best Western est\u00e1 situado en el coraz\u00f3n de la ciudad y recientemente se le reconoci\u00f3 como Asesor de Viajes en el Sal\u00f3n de la Fama (5 veces ganador del Certificado de Excelencia). Ofrecen un gran valor y recientemente han renovado las habitaciones a los m\u00e1s altos est\u00e1ndares, incluyendo habitaciones amplias con camas c\u00f3modas y ropa de cama de lujo, conexi\u00f3n a internet de alta velocidad, cafeteras Keurig, refrigeradores y TV\u2019s con pantalla plana de 40 pulgadas. Best Western tambi\u00e9n ofrece a los hu\u00e9spedes galletas frescas, servidas en la recepci\u00f3n del hotel cada noche. El estacionamiento es gratuito y ofrecen estacionamiento con clima controlado.<\/p>\n<p>Lo que Destaca:<\/p>\n<ul>\n<li>Desayuno caliente gratuito con tortilla (Omelet) de queso, salchichas, gofres (Waffles), yogur, fruta fresca y m\u00e1s!<\/li>\n<li>Estacionamiento cubierto gratuito<\/li>\n<li>Un recorrido a pie de 3-5 minutos al centro de convenciones de Spokane<\/li>\n<li>Transporte desde y hasta el aeropuerto se puede arreglar por $10 d\u00f3lares por trayecto. Estos arreglos deben hacerse por adelantado\u2026 \u00a1simplemente d\u00edgales que usted participa en la Conferencia!<\/li>\n<\/ul>\n<p><a href=\"http:\/\/roots.nwcdc.coop\/wp-content\/uploads\/2015\/08\/best-western-plus-city.jpg\" rel=\"attachment wp-att-628\"><img loading=\"lazy\" class=\"size-medium wp-image-628 alignleft\" src=\"http:\/\/roots.nwcdc.coop\/wp-content\/uploads\/2015\/08\/best-western-plus-city-300x213.jpg\" alt=\"best-western-plus-city\" width=\"300\" height=\"213\" srcset=\"http:\/\/roots.nwcdc.coop\/wp-content\/uploads\/2015\/08\/best-western-plus-city-300x213.jpg 300w, http:\/\/roots.nwcdc.coop\/wp-content\/uploads\/2015\/08\/best-western-plus-city-360x255.jpg 360w, http:\/\/roots.nwcdc.coop\/wp-content\/uploads\/2015\/08\/best-western-plus-city.jpg 550w\" sizes=\"(max-width: 300px) 100vw, 300px\" \/><\/a><\/p>\n<p>&nbsp;<\/p>\n<p>&nbsp;<\/p>\n<p>&nbsp;<\/p>\n<p>&nbsp;<\/p>\n<p>&nbsp;<\/p>\n<p><strong>Llegando a y Alrededor de Spokane<\/strong><\/p>\n<p>Viajar por carro, tren o avi\u00f3n le ofrece un f\u00e1cil acceso a la Ciudad Lila.<\/p>\n<ul>\n<li>Alaska Airlines, Delta, Southwest, United and US Airways proporcionan servicio diario.<\/li>\n<li><a href=\"http:\/\/www.amtrak.com\/empire-builder-train\">Amtrak\u2019s<\/a><strong>\u00a0Empire Builder<\/strong>\u00a0conecta a Portland y Seattle y puntos intermedios,<\/li>\n<li>US Interstate 90 y las carreteras US Hwys, 2, 195 y 395 se juntan en Spokane.<\/li>\n<li><a href=\"https:\/\/www.spokanetransit.com\/\">Spokane Transit Authority<\/a>\u00a0ofrece 34 rutas y dos autobuses de enlace al centro de la ciudad.<\/li>\n<\/ul>\n<h5>Deje un Comentario<\/h5>\n<p>Comentario:<\/p>\n<form id=\"commentform\" class=\"comment-form\" action=\"http:\/\/roots.nwcdc.coop\/wp-comments-post.php\" method=\"post\" novalidate=\"\">\n<p class=\"comment-form-comment\"><label for=\"comment\">\u00a0<\/label><textarea id=\"comment\" cols=\"45\" name=\"comment\" required=\"required\" rows=\"8\"><\/textarea><\/p>\n<p class=\"form-submit\"><input id=\"submit\" class=\"submit\" name=\"submit\" type=\"submit\" value=\"Post Comment\" \/><\/p>\n<\/form>\n","protected":false},"excerpt":{"rendered":"<p>Lugar de la Conferencia: Centro de Convenciones de Spokane El campus del Centro de Convenciones de Spokane se encuentra a orillas del R\u00edo Spokane, situado en el coraz\u00f3n de la ciudad, ofrece vistas espectaculares de los 100 acres del parque Riverfront, junto y con acceso cercano a numerosos restaurantes, hoteles, oportunidades de entretenimiento y tiendas &hellip; <a href=\"http:\/\/roots.nwcdc.coop\/es\/lugar-viaje-y-hospedaje-2\/\" class=\"more-link\">Continue reading <span class=\"screen-reader-text\">Lugar, Viaje y Hospedaje<\/span> <span class=\"meta-nav\">&rarr;<\/span><\/a><\/p>\n","protected":false},"author":3,"featured_media":0,"parent":0,"menu_order":0,"comment_status":"closed","ping_status":"closed","template":"","meta":[],"_links":{"self":[{"href":"http:\/\/roots.nwcdc.coop\/es\/wp-json\/wp\/v2\/pages\/1266"}],"collection":[{"href":"http:\/\/roots.nwcdc.coop\/es\/wp-json\/wp\/v2\/pages"}],"about":[{"href":"http:\/\/roots.nwcdc.coop\/es\/wp-json\/wp\/v2\/types\/page"}],"author":[{"embeddable":true,"href":"http:\/\/roots.nwcdc.coop\/es\/wp-json\/wp\/v2\/users\/3"}],"replies":[{"embeddable":true,"href":"http:\/\/roots.nwcdc.coop\/es\/wp-json\/wp\/v2\/comments?post=1266"}],"version-history":[{"count":4,"href":"http:\/\/roots.nwcdc.coop\/es\/wp-json\/wp\/v2\/pages\/1266\/revisions"}],"predecessor-version":[{"id":1271,"href":"http:\/\/roots.nwcdc.coop\/es\/wp-json\/wp\/v2\/pages\/1266\/revisions\/1271"}],"wp:attachment":[{"href":"http:\/\/roots.nwcdc.coop\/es\/wp-json\/wp\/v2\/media?parent=1266"}],"curies":[{"name":"wp","href":"https:\/\/api.w.org\/{rel}","templated":true}]}}