{"id":1263,"date":"2016-01-29T20:37:33","date_gmt":"2016-01-30T04:37:33","guid":{"rendered":"http:\/\/roots.nwcdc.coop\/es\/?page_id=1263"},"modified":"2016-01-29T20:38:13","modified_gmt":"2016-01-30T04:38:13","slug":"mercado","status":"publish","type":"page","link":"http:\/\/roots.nwcdc.coop\/es\/mercado\/","title":{"rendered":"Mercado"},"content":{"rendered":"<h6 style=\"text-align: center;\">Mercado en la Conferencia<\/h6>\n<h5 style=\"text-align: center;\"><strong>\u00a0Estamos encantados de anunciar que tendremos un <\/strong><strong>Mercado en la Conferencia<\/strong> <strong>este a\u00f1o, el S\u00e1bado 6 de Febrero de las 9 am a las 6 pm.<\/strong><\/h5>\n<h5 style=\"text-align: center;\"><span style=\"color: #ff9900;\"><strong>\u00a1No se pierdan esta gran oportunidad para mostrar sus productos y servicios a personas de todo el pa\u00eds!<\/strong><\/span><\/h5>\n<p style=\"text-align: center;\">Negocios de Cooperativas o No-lucrativos \u2014 $100 (10\u2019 x 10\u2032) o $175 (10\u2019 x 20\u2032)<\/p>\n<p style=\"text-align: center;\">Negocio Comercial \u2014 $175 (10\u2019 x 10\u2032) o $325 (10\u2019 x 20\u2032)<\/p>\n<p><strong>\u00a0<\/strong><em>El Servicio el\u00e9ctrico y servicio de Internet son a un costo adicional y se pueden arreglar directamente con el Centro de Convenciones de Spokane. Si usted necesita esos servicios se le proporcionar\u00e1 esa informaci\u00f3n de contacto en su carta de confirmaci\u00f3n de expositores.<\/em><\/p>\n<p><strong>Cuota de Inscripci\u00f3n<\/strong>\u00a0\u2013 Mientras alegremente aceptamos efectivo, cheque o tarjeta de cr\u00e9dito, <strong>tambi\u00e9n estamos dispuestos a aceptar donaciones en especie<\/strong> por un valor total del doble de la cantidad original de su inscripci\u00f3n como pago (es decir, cuota original de inscripci\u00f3n de $100 = $200 de servicios\/productos\/alimentos).<\/p>\n<p><strong>Enfoque Agr\u00edcola<\/strong>\u00a0\u2013 A pesar de que estamos invitando a gente de todo tipo de empresas cooperativas estamos anticipando un alto porcentaje de peque\u00f1os productores y ganaderos, de manera de que si usted est\u00e1 en un negocio Agr\u00edcola, este es el lugar adecuado para usted!<\/p>\n<h3 style=\"text-align: center;\"><strong>Puede descargar la Solicitud aqu\u00ed:<\/strong>\u00a0<span style=\"color: #ff9900;\"><a style=\"color: #ff9900;\" href=\"http:\/\/roots.nwcdc.coop\/wp-content\/uploads\/2015\/09\/Conference-Market-Application.pdf\">Solicitud para el Mercado en la Conferencia<\/a><\/span><\/h3>\n<h4 style=\"text-align: center;\">O solo siga este\u00a0<span style=\"color: #ff9900;\"><a style=\"color: #ff9900;\" href=\"https:\/\/www.eventbrite.com\/e\/conference-market-cultivating-cooperative-roots-conference-tickets-20073012922\">\u00fatil enlace<\/a><\/span>!<\/h4>\n<p>&nbsp;<\/p>\n<h3 id=\"reply-title\" class=\"comment-reply-title\">Deje un Comentario<\/h3>\n<form id=\"commentform\" class=\"comment-form\" action=\"http:\/\/roots.nwcdc.coop\/wp-comments-post.php\" method=\"post\" novalidate=\"\">\n<p class=\"comment-form-comment\"><label for=\"comment\">\u00a0<\/label><textarea id=\"comment\" cols=\"45\" name=\"comment\" required=\"required\" rows=\"8\"><\/textarea><\/p>\n<p class=\"comment-form-comment\"><input id=\"submit\" class=\"submit\" name=\"submit\" type=\"submit\" value=\"Post Comment\" \/><\/p>\n<\/form>\n","protected":false},"excerpt":{"rendered":"<p>Mercado en la Conferencia \u00a0Estamos encantados de anunciar que tendremos un Mercado en la Conferencia este a\u00f1o, el S\u00e1bado 6 de Febrero de las 9 am a las 6 pm. \u00a1No se pierdan esta gran oportunidad para mostrar sus productos y servicios a personas de todo el pa\u00eds! Negocios de Cooperativas o No-lucrativos \u2014 $100 &hellip; <a href=\"http:\/\/roots.nwcdc.coop\/es\/mercado\/\" class=\"more-link\">Continue reading <span class=\"screen-reader-text\">Mercado<\/span> <span class=\"meta-nav\">&rarr;<\/span><\/a><\/p>\n","protected":false},"author":3,"featured_media":0,"parent":0,"menu_order":0,"comment_status":"closed","ping_status":"closed","template":"","meta":[],"_links":{"self":[{"href":"http:\/\/roots.nwcdc.coop\/es\/wp-json\/wp\/v2\/pages\/1263"}],"collection":[{"href":"http:\/\/roots.nwcdc.coop\/es\/wp-json\/wp\/v2\/pages"}],"about":[{"href":"http:\/\/roots.nwcdc.coop\/es\/wp-json\/wp\/v2\/types\/page"}],"author":[{"embeddable":true,"href":"http:\/\/roots.nwcdc.coop\/es\/wp-json\/wp\/v2\/users\/3"}],"replies":[{"embeddable":true,"href":"http:\/\/roots.nwcdc.coop\/es\/wp-json\/wp\/v2\/comments?post=1263"}],"version-history":[{"count":1,"href":"http:\/\/roots.nwcdc.coop\/es\/wp-json\/wp\/v2\/pages\/1263\/revisions"}],"predecessor-version":[{"id":1265,"href":"http:\/\/roots.nwcdc.coop\/es\/wp-json\/wp\/v2\/pages\/1263\/revisions\/1265"}],"wp:attachment":[{"href":"http:\/\/roots.nwcdc.coop\/es\/wp-json\/wp\/v2\/media?parent=1263"}],"curies":[{"name":"wp","href":"https:\/\/api.w.org\/{rel}","templated":true}]}}