{"id":1259,"date":"2016-01-29T20:18:55","date_gmt":"2016-01-30T04:18:55","guid":{"rendered":"http:\/\/roots.nwcdc.coop\/es\/?page_id=1259"},"modified":"2016-01-30T19:15:01","modified_gmt":"2016-01-31T03:15:01","slug":"opciones-de-financiamiento-2","status":"publish","type":"page","link":"http:\/\/roots.nwcdc.coop\/es\/opciones-de-financiamiento-2\/","title":{"rendered":"Opciones de Financiamiento"},"content":{"rendered":"<h3 style=\"text-align: center;\"><strong>Costos de Inscripci\u00f3n para la Conferencia<\/strong><\/h3>\n<h4 style=\"text-align: center;\"><span style=\"color: #339966;\"><strong>Excelente valor por su dinero!<\/strong><\/span><\/h4>\n<p style=\"text-align: center;\"><strong>Inscripci\u00f3n a la Conferencia <\/strong>(<em>incluye recepci\u00f3n de bienvenida del viernes y sesi\u00f3n de posters y recepci\u00f3n del s\u00e1bado<\/em>):<\/p>\n<p style=\"text-align: center;\"><strong>Precio Regular<\/strong>\u00a0(Inscripci\u00f3n en l\u00ednea Termina el 2\/2\/2016) \u2013 $85<\/p>\n<p style=\"text-align: center;\"><strong>En la Puerta<\/strong>\u00a0\u2013 $95<\/p>\n<p style=\"text-align: center;\"><strong>Tarifa de Estudiante<\/strong>\u00a0(I<em>ncluye recepci\u00f3n de bienvenida del viernes y sesi\u00f3n de posters y recepci\u00f3n del s\u00e1bado, y un almuerzo patrocinado el viernes y el s\u00e1bado<\/em>):<\/p>\n<p style=\"text-align: center;\"><strong>Student \u2013 Regular Price<\/strong>\u00a0(Online Registration Ends 2\/2\/2016) \u2013 $60<\/p>\n<p style=\"text-align: center;\"><strong>Estudiante \u2013 En la Puerta<\/strong>\u00a0\u2013 $70<\/p>\n<h5 style=\"text-align: center;\"><span style=\"color: #339966;\"><strong>Extras de la Conferencia \u2013<\/strong><\/span><\/h5>\n<p style=\"text-align: center;\"><strong>S\u00e1bado, Cena hecha con Alimentos Locales<\/strong>\u00a0\u2013 $10<\/p>\n<p style=\"text-align: center;\"><strong>Excursiones el Domingo<\/strong>\u00a0\u2013 $10-$20<\/p>\n<h6 style=\"text-align: center;\"><strong>\u00bfNo quieren venir a toda la Conferencia? No se preocupe, tenemos pases de un d\u00eda tambi\u00e9n!\u00a0<\/strong><span style=\"color: #339966;\"><strong>El viernes = $45 y el s\u00e1bado = $50<\/strong><\/span><\/h6>\n<p><strong>Becas para la Conferencia:<\/strong><\/p>\n<p>Nos complace anunciar que estamos ofreciendo becas para los asistentes a la conferencia este a\u00f1o! Tenemos una cantidad limitada de fondos de manera que la decisi\u00f3n para otorgar los fondos se har\u00e1 en base a c\u00f3mo van llegando las solicitudes, los que soliciten primero tendr\u00e1n prioridad. <strong>La fecha l\u00edmite para todas las solicitudes es el viernes, 15 de enero del 2016<\/strong><\/p>\n<p><strong>La solicitud para la beca se encuentra en la parte inferior de esta p\u00e1gina. \u00a1Buena Suerte!<\/strong><\/p>\n<h4><span style=\"color: #ff9900;\"><a style=\"color: #ff9900;\" href=\"https:\/\/www.crowdrise.com\/northwestcooperative\">Done a Nuestro Fondo de Becas Hoy!!<\/a><\/span><\/h4>\n<h5><strong>Gran opci\u00f3n de Financiamiento:<\/strong><\/h5>\n<p><strong><span style=\"color: #ff9900;\"><a style=\"color: #ff9900;\" href=\"http:\/\/ralphkmorrisfoundation.org\/morris_app_guide.asp\">Ralph K. Morris Foundation Cooperative Leadership Fund<\/a>.<\/span><\/strong>\u00a0 Concede Becas de $300 a $500 d\u00f3lares.\u00a0Su solicitud debe recibirse 30 d\u00edas antes del evento, (as\u00ed que a finales del 2015).\u00a0 El proceso para llenar la solicitud es bastante f\u00e1cil, as\u00ed que no se demore! Estamos encantados de ayudarle a tomar ventaja de sus fondos. Si va a solicitar una beca para una conferencia y una beca de Ralph K. Morris (muy recomendada) nos avisan en nuestra solicitud de fondos para beca y podemos proporcionarle una carta de apoyo para la solicitud de Ralph K. Morris.<\/p>\n<p><strong>Otras Opciones:<\/strong><\/p>\n<p>Hay una serie de recursos que puede aprovechar para esta conferencia. Puede solicitar para un n\u00famero de peque\u00f1as subvenciones, recaudar dinero en su comunidad o buscar becas. Si eres un estudiante no olvides preguntar a tus profesores si saben de oportunidades de financiamiento en la escuela o en su Departamento.<\/p>\n<h5><strong>Solicitud<\/strong><strong> para <\/strong><strong>una<\/strong> <strong>Beca<\/strong><strong>:<\/strong><\/h5>\n<h5 style=\"text-align: center;\"><span style=\"color: #993300;\"><strong>Solicitud para una Beca para la Conferencia Cultivando las ra\u00edces de las Cooperativas<\/strong><\/span><\/h5>\n<fieldset id=\"item-vfb-35\" class=\"vfb-fieldset vfb-fieldset-1 cultivating-cooperative-roots-scholarship-application \">\n<div class=\"vfb-legend\">\n<h3>Cultivating Cooperative Roots Scholarship Application<\/h3>\n<\/div>\n<ul class=\"vfb-section vfb-section-1\">\n<li id=\"item-vfb-27\" class=\"vfb-item vfb-item-instructions \">Por favor llene esta solicitud antes del 4 de enero de 2016. Se le notificar\u00e1 a m\u00e1s tardar el 15 de enero. Si usted es seleccionado, nosotros lo registraremos para la Conferencia. Si usted env\u00eda su solicitud de beca para el 18 de Diciembre, pero no recibe una solicitud, se le permitir\u00e1 pagar la cuota de inscripci\u00f3n anticipada.<\/li>\n<li id=\"item-vfb-22\" class=\"vfb-item vfb-item-text \"><label class=\"vfb-desc\" for=\"vfb-22\">Nombre <span class=\"vfb-required-asterisk\">*<\/span><\/label><input id=\"vfb-22\" class=\"vfb-text vfb-medium required \" name=\"vfb-22\" type=\"text\" value=\"\" \/><\/li>\n<li id=\"item-vfb-36\" class=\"vfb-item vfb-item-text \"><label class=\"vfb-desc\" for=\"vfb-36\">Apellido\u00a0<span class=\"vfb-required-asterisk\">*<\/span><\/label><input id=\"vfb-36\" class=\"vfb-text vfb-medium required \" name=\"vfb-36\" type=\"text\" value=\"\" \/><\/li>\n<li id=\"item-vfb-24\" class=\"vfb-item vfb-item-address \"><label class=\"vfb-desc\">Direcci\u00f3n<\/label>\n<div><span class=\"vfb-full\"><input id=\"vfb-24-address\" class=\"vfb-text vfb-medium \" maxlength=\"150\" name=\"vfb-24[address]\" type=\"text\" \/>\u00a0\u00a0Calle \u00a0<\/span><span class=\"vfb-full\"><input id=\"vfb-24-address-2\" class=\"vfb-text vfb-medium \" maxlength=\"150\" name=\"vfb-24[address-2]\" type=\"text\" \/><label for=\"vfb-24-address-2\">Apt, Suite, Edif. (opcional)<\/label><\/span><span class=\"vfb-left\"><input id=\"vfb-24-city\" class=\"vfb-text vfb-medium \" maxlength=\"150\" name=\"vfb-24[city]\" type=\"text\" \/>\u00a0<label for=\"vfb-24-city\">Ciudad\u00a0<\/label><\/span><span class=\"vfb-right\"><input id=\"vfb-24-state\" class=\"vfb-text vfb-medium \" maxlength=\"150\" name=\"vfb-24[state]\" type=\"text\" \/>\u00a0Estado<label for=\"vfb-24-state\">\u00a0\/ Provincia \/ Region<\/label><\/span><span class=\"vfb-left\"><input id=\"vfb-24-zip\" class=\"vfb-text vfb-medium \" maxlength=\"150\" name=\"vfb-24[zip]\" type=\"text\" \/>\u00a0C\u00f3digo\u00a0<label for=\"vfb-24-zip\">Postal<\/label><\/span><span class=\"vfb-right\"><select id=\"vfb-24-country\" class=\"vfb-select \" name=\"vfb-24[country]\"><option selected=\"selected\" value=\"\"><\/option><option value=\"Afghanistan\">Afghanistan<\/option><option value=\"Albania\">Albania<\/option><option value=\"Algeria\">Algeria<\/option><option value=\"Andorra\">Andorra<\/option><option value=\"Angola\">Angola<\/option><option value=\"Antigua and Barbuda\">Antigua and Barbuda<\/option><option value=\"Argentina\">Argentina<\/option><option value=\"Armenia\">Armenia<\/option><option value=\"Australia\">Australia<\/option><option value=\"Austria\">Austria<\/option><option value=\"Azerbaijan\">Azerbaijan<\/option><option value=\"Bahamas\">Bahamas<\/option><option value=\"Bahrain\">Bahrain<\/option><option value=\"Bangladesh\">Bangladesh<\/option><option value=\"Barbados\">Barbados<\/option><option value=\"Belarus\">Belarus<\/option><option value=\"Belgium\">Belgium<\/option><option value=\"Belize\">Belize<\/option><option value=\"Benin\">Benin<\/option><option value=\"Bhutan\">Bhutan<\/option><option value=\"Bolivia\">Bolivia<\/option><option value=\"Bosnia and Herzegovina\">Bosnia and Herzegovina<\/option><option value=\"Botswana\">Botswana<\/option><option value=\"Brazil\">Brazil<\/option><option value=\"Brunei\">Brunei<\/option><option value=\"Bulgaria\">Bulgaria<\/option><option value=\"Burkina Faso\">Burkina Faso<\/option><option value=\"Burundi\">Burundi<\/option><option value=\"Cambodia\">Cambodia<\/option><option value=\"Cameroon\">Cameroon<\/option><option value=\"Canada\">Canada<\/option><option value=\"Cape Verde\">Cape Verde<\/option><option value=\"Central African Republic\">Central African Republic<\/option><option value=\"Chad\">Chad<\/option><option value=\"Chile\">Chile<\/option><option value=\"China\">China<\/option><option value=\"Colombi\">Colombi<\/option><option value=\"Comoros\">Comoros<\/option><option value=\"Congo (Brazzaville)\">Congo (Brazzaville)<\/option><option value=\"Congo\">Congo<\/option><option value=\"Costa Rica\">Costa Rica<\/option><option value=\"Cote d\\'Ivoire\">Cote d\\&#8217;Ivoire<\/option><option value=\"Croatia\">Croatia<\/option><option value=\"Cuba\">Cuba<\/option><option value=\"Cyprus\">Cyprus<\/option><option value=\"Czech Republic\">Czech Republic<\/option><option value=\"Denmark\">Denmark<\/option><option value=\"Djibouti\">Djibouti<\/option><option value=\"Dominica\">Dominica<\/option><option value=\"Dominican Republic\">Dominican Republic<\/option><option value=\"East Timor (Timor Timur)\">East Timor (Timor Timur)<\/option><option value=\"Ecuador\">Ecuador<\/option><option value=\"Egypt\">Egypt<\/option><option value=\"El Salvador\">El Salvador<\/option><option value=\"Equatorial Guinea\">Equatorial Guinea<\/option><option value=\"Eritrea\">Eritrea<\/option><option value=\"Estonia\">Estonia<\/option><option value=\"Ethiopia\">Ethiopia<\/option><option value=\"Fiji\">Fiji<\/option><option value=\"Finland\">Finland<\/option><option value=\"France\">France<\/option><option value=\"Gabon\">Gabon<\/option><option value=\"Gambia, The\">Gambia, The<\/option><option value=\"Georgia\">Georgia<\/option><option value=\"Germany\">Germany<\/option><option value=\"Ghana\">Ghana<\/option><option value=\"Greece\">Greece<\/option><option value=\"Grenada\">Grenada<\/option><option value=\"Guatemala\">Guatemala<\/option><option value=\"Guinea\">Guinea<\/option><option value=\"Guinea-Bissau\">Guinea-Bissau<\/option><option value=\"Guyana\">Guyana<\/option><option value=\"Haiti\">Haiti<\/option><option value=\"Honduras\">Honduras<\/option><option value=\"Hungary\">Hungary<\/option><option value=\"Iceland\">Iceland<\/option><option value=\"India\">India<\/option><option value=\"Indonesia\">Indonesia<\/option><option value=\"Iran\">Iran<\/option><option value=\"Iraq\">Iraq<\/option><option value=\"Ireland\">Ireland<\/option><option value=\"Israel\">Israel<\/option><option value=\"Italy\">Italy<\/option><option value=\"Jamaica\">Jamaica<\/option><option value=\"Japan\">Japan<\/option><option value=\"Jordan\">Jordan<\/option><option value=\"Kazakhstan\">Kazakhstan<\/option><option value=\"Kenya\">Kenya<\/option><option value=\"Kiribati\">Kiribati<\/option><option value=\"Korea, North\">Korea, North<\/option><option value=\"Korea, South\">Korea, South<\/option><option value=\"Kuwait\">Kuwait<\/option><option value=\"Kyrgyzstan\">Kyrgyzstan<\/option><option value=\"Laos\">Laos<\/option><option value=\"Latvia\">Latvia<\/option><option value=\"Lebanon\">Lebanon<\/option><option value=\"Lesotho\">Lesotho<\/option><option value=\"Liberia\">Liberia<\/option><option value=\"Libya\">Libya<\/option><option value=\"Liechtenstein\">Liechtenstein<\/option><option value=\"Lithuania\">Lithuania<\/option><option value=\"Luxembourg\">Luxembourg<\/option><option value=\"Macedonia\">Macedonia<\/option><option value=\"Madagascar\">Madagascar<\/option><option value=\"Malawi\">Malawi<\/option><option value=\"Malaysia\">Malaysia<\/option><option value=\"Maldives\">Maldives<\/option><option value=\"Mali\">Mali<\/option><option value=\"Malta\">Malta<\/option><option value=\"Marshall Islands\">Marshall Islands<\/option><option value=\"Mauritania\">Mauritania<\/option><option value=\"Mauritius\">Mauritius<\/option><option value=\"Mexico\">Mexico<\/option><option value=\"Micronesia\">Micronesia<\/option><option value=\"Moldova\">Moldova<\/option><option value=\"Monaco\">Monaco<\/option><option value=\"Mongolia\">Mongolia<\/option><option value=\"Montenegro\">Montenegro<\/option><option value=\"Morocco\">Morocco<\/option><option value=\"Mozambique\">Mozambique<\/option><option value=\"Myanmar\">Myanmar<\/option><option value=\"Namibia\">Namibia<\/option><option value=\"Nauru\">Nauru<\/option><option value=\"Nepa\">Nepa<\/option><option value=\"Netherlands\">Netherlands<\/option><option value=\"New Zealand\">New Zealand<\/option><option value=\"Nicaragua\">Nicaragua<\/option><option value=\"Niger\">Niger<\/option><option value=\"Nigeria\">Nigeria<\/option><option value=\"Norway\">Norway<\/option><option value=\"Oman\">Oman<\/option><option value=\"Pakistan\">Pakistan<\/option><option value=\"Palau\">Palau<\/option><option value=\"Panama\">Panama<\/option><option value=\"Papua New Guinea\">Papua New Guinea<\/option><option value=\"Paraguay\">Paraguay<\/option><option value=\"Peru\">Peru<\/option><option value=\"Philippines\">Philippines<\/option><option value=\"Poland\">Poland<\/option><option value=\"Portugal\">Portugal<\/option><option value=\"Qatar\">Qatar<\/option><option value=\"Romania\">Romania<\/option><option value=\"Russia\">Russia<\/option><option value=\"Rwanda\">Rwanda<\/option><option value=\"Saint Kitts and Nevis\">Saint Kitts and Nevis<\/option><option value=\"Saint Lucia\">Saint Lucia<\/option><option value=\"Saint Vincent\">Saint Vincent<\/option><option value=\"Samoa\">Samoa<\/option><option value=\"San Marino\">San Marino<\/option><option value=\"Sao Tome and Principe\">Sao Tome and Principe<\/option><option value=\"Saudi Arabia\">Saudi Arabia<\/option><option value=\"Senegal\">Senegal<\/option><option value=\"Serbia\">Serbia<\/option><option value=\"Seychelles\">Seychelles<\/option><option value=\"Sierra Leone\">Sierra Leone<\/option><option value=\"Singapore\">Singapore<\/option><option value=\"Slovakia\">Slovakia<\/option><option value=\"Slovenia\">Slovenia<\/option><option value=\"Solomon Islands\">Solomon Islands<\/option><option value=\"Somalia\">Somalia<\/option><option value=\"South Africa\">South Africa<\/option><option value=\"Spain\">Spain<\/option><option value=\"Sri Lanka\">Sri Lanka<\/option><option value=\"Sudan\">Sudan<\/option><option value=\"Suriname\">Suriname<\/option><option value=\"Swaziland\">Swaziland<\/option><option value=\"Sweden\">Sweden<\/option><option value=\"Switzerland\">Switzerland<\/option><option value=\"Syria\">Syria<\/option><option value=\"Taiwan\">Taiwan<\/option><option value=\"Tajikistan\">Tajikistan<\/option><option value=\"Tanzania\">Tanzania<\/option><option value=\"Thailand\">Thailand<\/option><option value=\"Togo\">Togo<\/option><option value=\"Tonga\">Tonga<\/option><option value=\"Trinidad and Tobago\">Trinidad and Tobago<\/option><option value=\"Tunisia\">Tunisia<\/option><option value=\"Turkey\">Turkey<\/option><option value=\"Turkmenistan\">Turkmenistan<\/option><option value=\"Tuvalu\">Tuvalu<\/option><option value=\"Uganda\">Uganda<\/option><option value=\"Ukraine\">Ukraine<\/option><option value=\"United Arab Emirates\">United Arab Emirates<\/option><option value=\"United Kingdom\">United Kingdom<\/option><option value=\"United States of America\">United States of America<\/option><option value=\"Uruguay\">Uruguay<\/option><option value=\"Uzbekistan\">Uzbekistan<\/option><option value=\"Vanuatu\">Vanuatu<\/option><option value=\"Vatican City\">Vatican City<\/option><option value=\"Venezuela\">Venezuela<\/option><option value=\"Vietnam\">Vietnam<\/option><option value=\"Yemen\">Yemen<\/option><option value=\"Zambia\">Zambia<\/option><option value=\"Zimbabwe\">Zimbabwe<\/option><\/select>\u00a0Pa\u00eds<\/span><\/div>\n<\/li>\n<li id=\"item-vfb-34\" class=\"vfb-item vfb-item-email \"><label class=\"vfb-desc\" for=\"vfb-34\">Email <span class=\"vfb-required-asterisk\">*<\/span><\/label><input id=\"vfb-34\" class=\"vfb-text vfb-medium required email \" name=\"vfb-34\" type=\"email\" value=\"\" \/><\/li>\n<li id=\"item-vfb-25\" class=\"vfb-item vfb-item-phone \"><label class=\"vfb-desc\" for=\"vfb-25\">Tel\u00a0<span class=\"vfb-required-asterisk\">* \u00a0<\/span><\/label><input id=\"vfb-25\" class=\"vfb-text vfb-medium required phone \" name=\"vfb-25\" type=\"tel\" value=\"\" \/><\/li>\n<li id=\"item-vfb-28\" class=\"vfb-item vfb-item-checkbox vfb-two-column \">Informaci\u00f3n Adicional\n<div>\n<p><span class=\"vfb-span\"><input id=\"vfb-28-0\" class=\"vfb-checkbox \" name=\"vfb-28[]\" type=\"checkbox\" value=\"I plan on applying for a Ralph K. Morris Foundation scholarship\" \/> Estoy planeando solicitar una beca de la Fundaci\u00f3n Ralph K. Morris <\/span><span class=\"vfb-span\"><input id=\"vfb-28-1\" class=\"vfb-checkbox \" name=\"vfb-28[]\" type=\"checkbox\" value=\"I am presenting at this conference (not required!)\" \/>Voy a dar una presentaci\u00f3n en la Conferencia (no requerido!)<\/span><span class=\"vfb-span\"><input id=\"vfb-28-2\" class=\"vfb-checkbox \" name=\"vfb-28[]\" type=\"checkbox\" value=\"I will be attending the Local Foods Dinner on Saturday evening.\" \/> Asistir\u00e9 a la Cena de Alimentos Locales el s\u00e1bado por la noche<\/span><span class=\"vfb-span\"><input id=\"vfb-28-3\" class=\"vfb-checkbox \" name=\"vfb-28[]\" type=\"checkbox\" value=\"I am interested in carpooling and\/or sharing a room.\" \/> Estoy interesado en compartir el veh\u00edculo y\/o compartir una habitaci\u00f3n.<\/span><span class=\"vfb-span\"><input id=\"vfb-28-4\" class=\"vfb-checkbox \" name=\"vfb-28[]\" type=\"checkbox\" value=\"I am interested in attending one of the field trips on Sunday morning.\" \/> Estoy interesado en asistir una de las excursiones el domingo por la ma\u00f1ana.<\/span><\/p>\n<div><\/div>\n<\/div>\n<\/li>\n<li id=\"item-vfb-29\" class=\"vfb-item vfb-item-textarea \"><label class=\"vfb-desc\" for=\"vfb-29\">Porque est\u00e1 interesado en asistir a la Conferencia Cultivando las Ra\u00edces de las Cooperativas? (200 palabras o menos)\u00a0 <span class=\"vfb-required-asterisk\">*<\/span><\/label>\n<div><textarea id=\"vfb-29\" class=\"vfb-textarea vfb-medium required \" name=\"vfb-29\"><\/textarea><\/div>\n<\/li>\n<li id=\"item-vfb-30\" class=\"vfb-item vfb-item-textarea \"><label class=\"vfb-desc\" for=\"vfb-30\">C\u00f3mo le ayudar\u00e1 esta Conferencia a lograr sus metas? (200 palabras o menos) <span class=\"vfb-required-asterisk\">*<\/span><\/label>\n<div><textarea id=\"vfb-30\" class=\"vfb-textarea vfb-medium required \" name=\"vfb-30\"><\/textarea><\/div>\n<\/li>\n<li id=\"item-vfb-31\" class=\"vfb-item vfb-item-textarea \"><label class=\"vfb-desc\" for=\"vfb-31\">\u00bfQu\u00e9 habilidades y\/o informaci\u00f3n espera obtener durante la Conferencia? C\u00f3mo compartir\u00e1 esta informaci\u00f3n con su cooperativa o comunidad? (300 palabras o menos) <span class=\"vfb-required-asterisk\">*<\/span><\/label>\n<div><textarea id=\"vfb-31\" class=\"vfb-textarea vfb-medium required \" name=\"vfb-31\"><\/textarea><\/div>\n<\/li>\n<li id=\"item-vfb-32\" class=\"vfb-item vfb-item-textarea \"><label class=\"vfb-desc\" for=\"vfb-32\">Por favor, describa las razones financieras por las que usted est\u00e1 solicitando fondos para esta Conferencia. (200 palabras o menos) <span class=\"vfb-required-asterisk\">*<\/span><\/label>\n<div><textarea id=\"vfb-32\" class=\"vfb-textarea vfb-medium required \" name=\"vfb-32\"><\/textarea><\/div>\n<\/li>\n<li id=\"item-vfb-33\" class=\"vfb-item vfb-item-textarea \"><label class=\"vfb-desc\" for=\"vfb-33\">Hay algo m\u00e1s que quisiera a\u00f1adir? (200 palabras o menos) <span class=\"vfb-required-asterisk\">*<\/span><\/label>\n<div><textarea id=\"vfb-33\" class=\"vfb-textarea vfb-medium required \" name=\"vfb-33\"><\/textarea><\/div>\n<\/li>\n<\/ul>\n<\/fieldset>\n<fieldset id=\"item-vfb-18\" class=\"vfb-fieldset vfb-fieldset-2 verification \">\n<div class=\"vfb-legend\">\n<h3>Verification<\/h3>\n<\/div>\n<ul class=\"vfb-section vfb-section-2\">\n<li id=\"item-vfb-20\" class=\"vfb-item vfb-item-submit\"><input id=\"vfb-20\" class=\"vfb-submit \" name=\"vfb-submit\" type=\"submit\" value=\"Submit\" \/><\/li>\n<\/ul>\n<\/fieldset>\n","protected":false},"excerpt":{"rendered":"<p>Costos de Inscripci\u00f3n para la Conferencia Excelente valor por su dinero! Inscripci\u00f3n a la Conferencia (incluye recepci\u00f3n de bienvenida del viernes y sesi\u00f3n de posters y recepci\u00f3n del s\u00e1bado): Precio Regular\u00a0(Inscripci\u00f3n en l\u00ednea Termina el 2\/2\/2016) \u2013 $85 En la Puerta\u00a0\u2013 $95 Tarifa de Estudiante\u00a0(Incluye recepci\u00f3n de bienvenida del viernes y sesi\u00f3n de posters y &hellip; <a href=\"http:\/\/roots.nwcdc.coop\/es\/opciones-de-financiamiento-2\/\" class=\"more-link\">Continue reading <span class=\"screen-reader-text\">Opciones de Financiamiento<\/span> <span class=\"meta-nav\">&rarr;<\/span><\/a><\/p>\n","protected":false},"author":3,"featured_media":0,"parent":0,"menu_order":0,"comment_status":"closed","ping_status":"closed","template":"","meta":[],"_links":{"self":[{"href":"http:\/\/roots.nwcdc.coop\/es\/wp-json\/wp\/v2\/pages\/1259"}],"collection":[{"href":"http:\/\/roots.nwcdc.coop\/es\/wp-json\/wp\/v2\/pages"}],"about":[{"href":"http:\/\/roots.nwcdc.coop\/es\/wp-json\/wp\/v2\/types\/page"}],"author":[{"embeddable":true,"href":"http:\/\/roots.nwcdc.coop\/es\/wp-json\/wp\/v2\/users\/3"}],"replies":[{"embeddable":true,"href":"http:\/\/roots.nwcdc.coop\/es\/wp-json\/wp\/v2\/comments?post=1259"}],"version-history":[{"count":2,"href":"http:\/\/roots.nwcdc.coop\/es\/wp-json\/wp\/v2\/pages\/1259\/revisions"}],"predecessor-version":[{"id":1281,"href":"http:\/\/roots.nwcdc.coop\/es\/wp-json\/wp\/v2\/pages\/1259\/revisions\/1281"}],"wp:attachment":[{"href":"http:\/\/roots.nwcdc.coop\/es\/wp-json\/wp\/v2\/media?parent=1259"}],"curies":[{"name":"wp","href":"https:\/\/api.w.org\/{rel}","templated":true}]}}