{"id":1254,"date":"2016-01-29T19:14:02","date_gmt":"2016-01-30T03:14:02","guid":{"rendered":"http:\/\/roots.nwcdc.coop\/es\/?page_id=1254"},"modified":"2016-01-29T19:16:13","modified_gmt":"2016-01-30T03:16:13","slug":"para-enviar-un-resumen","status":"publish","type":"page","link":"http:\/\/roots.nwcdc.coop\/es\/para-enviar-un-resumen\/","title":{"rendered":"Para Enviar un Resumen"},"content":{"rendered":"<p>Esta conferencia abarcara todos los sectores de las cooperativas y proporcionara una oportunidad para compartir las mejores pr\u00e1cticas y aprender unos de otros. En un esfuerzo por fomentar la comunicaci\u00f3n entre los sectores esta conferencia se centrara en cuatro temas principales:\u00a0<span style=\"color: #ff9900;\">contabilidad y finanzas, gesti\u00f3n, comunicaci\u00f3n y mercadeo en relaci\u00f3n con los objetivos de la conferencia:<\/span><\/p>\n<h5 style=\"text-align: center;\">Estamos reuniendo miembros de la comunidad, cooperativas, empresarios locales y los pol\u00edticos para:<\/h5>\n<ol>\n<li>Fortalecer los sistemas econ\u00f3micos desarrollando habilidades de negocio cooperativo para apoyar empresas de \u00e9xito.<\/li>\n<li>Fomentando alianzas estrat\u00e9gicas y fortalecer las relaciones entre las cooperativas.<\/li>\n<li>Crear conciencia sobre la importancia del acceso a alimentos locales y el papel que juegan las cooperativas en el desarrollo de los sistemas de alimentos locales y regionales<\/li>\n<li>Celebrar ejemplos exitosos y aprender de otras cooperativas.<\/li>\n<\/ol>\n<p><span style=\"color: #339966;\"><strong>\u00bfEn qu\u00e9 incre\u00edble proyecto est\u00e1 trabajando ahora? \u00bfC\u00f3mo ha logrado \u00e9xito usted o su cooperativa? \u00bfQu\u00e9 lecciones han aprendido en el camino? \u00bfQu\u00e9 fue lo m\u00e1s grande que su cooperativa ha hecho? \u00bfEl error m\u00e1s grande que ha cometido? \u00bfCu\u00e1l es el Consejo m\u00e1s pr\u00e1ctico que le dar\u00eda a alguien que est\u00e1 pensando empezar una cooperativa? Estas son las cosas que queremos saber! <\/strong><\/span><\/p>\n<p>.\u00a0 Habr\u00e1 m\u00e1s de 25 talleres y sesiones incluyendo nuestra <strong>sesi\u00f3n de posters el s\u00e1bado, 6 de febrero de 5 a 7 pm<\/strong>. La sesi\u00f3n incluye una recepci\u00f3n con cena y una subasta silenciosa. Le animamos a hacer un poster o un cortometraje para mostrar durante este divertido evento!!!! No te preocupes puedes tambi\u00e9n puedes disfrutar de la fiesta, s\u00f3lo pedimos que est\u00e9s cerca de tu poster de 5:30-6:30.<\/p>\n<h4 style=\"text-align: center;\"><strong>Detalles de las Sesiones<\/strong><\/h4>\n<p>Los posters estar\u00e1n en exhibici\u00f3n el s\u00e1bado todo el d\u00eda y le pedimos que usted est\u00e9 cerca de su poster para responder preguntas de las 5:30 pm a las 6:30 pm en medio de la recepci\u00f3n de la sesi\u00f3n de posters. Los posters deben ser de 24\u2033 x 36. Mientras que t\u00e9cnicamente ser\u00eda una sesi\u00f3n de posters tambi\u00e9n estamos invitando a que env\u00eden v\u00eddeos cortos (3-5 minutos). Ofrecemos stands para que usted pueda colgar el poster. Si va a mostrar un\u00a0 film corto film por favor traiga su computadora y cualquier equipo que sea necesario (cables, altavoces, si es necesario, cuerdas, etc.). Aceptamos el env\u00edo de resumen de posters hasta el 22 de enero!<\/p>\n<h3 style=\"text-align: center;\"><span style=\"color: #339966;\"><strong>! Env\u00ede sus ideas Hoy!<\/strong><\/span><\/h3>\n<h3><span style=\"color: #800000;\"><strong>Para enviar un Resumen de Poster<\/strong><\/span><\/h3>\n<fieldset id=\"item-vfb-1\" class=\"vfb-fieldset vfb-fieldset-1 submit-an-abstract \">\n<div class=\"vfb-legend\">\n<h3>Para Enviar un Resumen de Poster<\/h3>\n<\/div>\n<ul class=\"vfb-section vfb-section-1\">\n<li id=\"item-vfb-5\" class=\"vfb-item vfb-item-text \"><label class=\"vfb-desc\" for=\"vfb-5\">Nombre *<\/label><\/li>\n<li class=\"vfb-item vfb-item-text \"><input id=\"vfb-5\" class=\"vfb-text vfb-medium required \" name=\"vfb-5\" type=\"text\" value=\"\" \/><\/li>\n<li><label class=\"vfb-desc\" for=\"vfb-9\">Afiliaci\u00f3n\u00a0<\/label><\/li>\n<li class=\"vfb-item vfb-item-text \"><input id=\"vfb-9\" class=\"vfb-text vfb-medium \" name=\"vfb-9\" type=\"text\" value=\"\" \/><\/li>\n<li id=\"item-vfb-14\" class=\"vfb-item vfb-item-email \"><label class=\"vfb-desc\" for=\"vfb-14\">Correo Electr\u00f3nico\u00a0<span class=\"vfb-required-asterisk\">*\u00a0<\/span><\/label><\/li>\n<li class=\"vfb-item vfb-item-email \"><input id=\"vfb-14\" class=\"vfb-text vfb-medium required email \" name=\"vfb-14\" type=\"email\" value=\"\" \/><\/li>\n<li id=\"item-vfb-15\" class=\"vfb-item vfb-item-number \"><label class=\"vfb-desc\" for=\"vfb-15\">N\u00famero\u00a0<\/label><\/li>\n<li class=\"vfb-item vfb-item-number \"><input id=\"vfb-15\" class=\"vfb-text vfb-medium digits \" name=\"vfb-15\" type=\"text\" value=\"\" \/><\/li>\n<li id=\"item-vfb-10\" class=\"vfb-item vfb-item-select \"><label class=\"vfb-desc\" for=\"vfb-10\">Tipo de Sesi\u00f3n <span class=\"vfb-required-asterisk\">*\u00a0<\/span><\/label><\/li>\n<li class=\"vfb-item vfb-item-select \"><select id=\"vfb-10\" class=\"vfb-select vfb-medium required \" name=\"vfb-10\"><option value=\"Poster Session - Printed\">Poster Session &#8211; Printed<\/option><option value=\"Poster Session - Short Film\">Poster Session &#8211; Short Film<\/option><\/select><\/li>\n<li id=\"item-vfb-16\" class=\"vfb-item vfb-item-textarea \"><label class=\"vfb-desc\" for=\"vfb-16\">Resumen\u00a0<span class=\"vfb-required-asterisk\">*\u00a0<\/span><\/label>250 palabras o menos<\/li>\n<li class=\"vfb-item vfb-item-textarea \">\n<div><span class=\"vfb-span\"><label>\u00a0<\/label><\/span><textarea id=\"vfb-16\" class=\"vfb-textarea vfb-medium required \" name=\"vfb-16\"><\/textarea><\/div>\n<\/li>\n<\/ul>\n<\/fieldset>\n<fieldset id=\"item-vfb-2\" class=\"vfb-fieldset vfb-fieldset-2 verification \">\n<div class=\"vfb-legend\">\n<h3>Verificaci\u00f3n<\/h3>\n<\/div>\n<ul class=\"vfb-section vfb-section-2\">\n<li id=\"item-vfb-4\" class=\"vfb-item vfb-item-submit\"><input id=\"vfb-4\" class=\"vfb-submit \" name=\"vfb-submit\" type=\"submit\" value=\"Submit\" \/><\/li>\n<\/ul>\n<\/fieldset>\n<p>&nbsp;<\/p>\n","protected":false},"excerpt":{"rendered":"<p>Esta conferencia abarcara todos los sectores de las cooperativas y proporcionara una oportunidad para compartir las mejores pr\u00e1cticas y aprender unos de otros. En un esfuerzo por fomentar la comunicaci\u00f3n entre los sectores esta conferencia se centrara en cuatro temas principales:\u00a0contabilidad y finanzas, gesti\u00f3n, comunicaci\u00f3n y mercadeo en relaci\u00f3n con los objetivos de la conferencia: &hellip; <a href=\"http:\/\/roots.nwcdc.coop\/es\/para-enviar-un-resumen\/\" class=\"more-link\">Continue reading <span class=\"screen-reader-text\">Para Enviar un Resumen<\/span> <span class=\"meta-nav\">&rarr;<\/span><\/a><\/p>\n","protected":false},"author":3,"featured_media":0,"parent":0,"menu_order":0,"comment_status":"closed","ping_status":"closed","template":"","meta":[],"_links":{"self":[{"href":"http:\/\/roots.nwcdc.coop\/es\/wp-json\/wp\/v2\/pages\/1254"}],"collection":[{"href":"http:\/\/roots.nwcdc.coop\/es\/wp-json\/wp\/v2\/pages"}],"about":[{"href":"http:\/\/roots.nwcdc.coop\/es\/wp-json\/wp\/v2\/types\/page"}],"author":[{"embeddable":true,"href":"http:\/\/roots.nwcdc.coop\/es\/wp-json\/wp\/v2\/users\/3"}],"replies":[{"embeddable":true,"href":"http:\/\/roots.nwcdc.coop\/es\/wp-json\/wp\/v2\/comments?post=1254"}],"version-history":[{"count":3,"href":"http:\/\/roots.nwcdc.coop\/es\/wp-json\/wp\/v2\/pages\/1254\/revisions"}],"predecessor-version":[{"id":1258,"href":"http:\/\/roots.nwcdc.coop\/es\/wp-json\/wp\/v2\/pages\/1254\/revisions\/1258"}],"wp:attachment":[{"href":"http:\/\/roots.nwcdc.coop\/es\/wp-json\/wp\/v2\/media?parent=1254"}],"curies":[{"name":"wp","href":"https:\/\/api.w.org\/{rel}","templated":true}]}}