{"id":1243,"date":"2016-01-29T11:26:31","date_gmt":"2016-01-29T19:26:31","guid":{"rendered":"http:\/\/roots.nwcdc.coop\/es\/?page_id=1243"},"modified":"2016-01-29T11:26:31","modified_gmt":"2016-01-29T19:26:31","slug":"registrese-hoy-mismo-2","status":"publish","type":"page","link":"http:\/\/roots.nwcdc.coop\/es\/registrese-hoy-mismo-2\/","title":{"rendered":"\u00a1Reg\u00edstrese Hoy Mismo!"},"content":{"rendered":"<h5><strong>\u00a1Esta conferencia es una gran oportunidad para principiantes y expertos por igual!<\/strong><\/h5>\n<h5><strong>Saldr\u00e1 de esta conferencia con las herramientas necesarias para iniciar, fortalecer o ampliar su cooperativa.<\/strong><\/h5>\n<h5><strong>\u00a1Desarrolle su red, aprenda nuevas habilidades, coma deliciosa comida local y conozca a algunas excelentes personas!<\/strong><\/h5>\n<p>&nbsp;<\/p>\n<h2 style=\"text-align: center;\"><span style=\"color: #008000;\"><strong>Excelente valor por su dinero!<\/strong><\/span><\/h2>\n<h6 style=\"text-align: center;\"><strong>Inscripci\u00f3n a la Conferencia <\/strong>(<em>incluye recepci\u00f3n de bienvenida del viernes y sesi\u00f3n de posters y recepci\u00f3n del s\u00e1bado<\/em>):<\/h6>\n<h6 style=\"text-align: center;\"><strong>Precio Regular<\/strong>\u00a0(Inscripci\u00f3n en l\u00ednea Termina el 2\/2\/2016) \u2013 $85<\/h6>\n<h6 style=\"text-align: center;\"><strong>En<\/strong><strong> la <\/strong><strong>Puerta<\/strong>\u00a0\u2013 $95<\/h6>\n<h6 style=\"text-align: center;\"><strong>Tarifa de Estudiante<\/strong>\u00a0(I<em>ncluye recepci\u00f3n de bienvenida del viernes y sesi\u00f3n de posters y recepci\u00f3n del s\u00e1bado, y un almuerzo patrocinado el viernes y el s\u00e1bado<\/em>):<\/h6>\n<h6 style=\"text-align: center;\"><strong>Student \u2013 Regular Price<\/strong>\u00a0(Online Registration Ends 2\/2\/2016) \u2013 $60<\/h6>\n<h6 style=\"text-align: center;\"><strong>Estudiante \u2013 En la Puerta<\/strong>\u00a0\u2013 $70<\/h6>\n<h3 style=\"text-align: center;\"><span style=\"color: #008000;\"><strong>Extras de la Conferencia \u2013<\/strong><\/span><\/h3>\n<h6 style=\"text-align: center;\"><strong>S\u00e1bado, Cena hecha con Alimentos Locales<\/strong>\u00a0\u2013 $10<\/h6>\n<h6 style=\"text-align: center;\"><strong>Excursiones el Domingo<\/strong>\u00a0\u2013 $10-$20<\/h6>\n<h6 style=\"text-align: center;\"><strong>\u00bfNo quieren venir a toda la Conferencia? No se preocupe, tenemos pases de un d\u00eda tambi\u00e9n!\u00a0<\/strong><span style=\"color: #008000;\"><strong>El viernes = $45 y el s\u00e1bado = $50 <\/strong><\/span><\/h6>\n<p style=\"text-align: center;\"><a href=\"http:\/\/roots.nwcdc.coop\/wp-content\/uploads\/2015\/08\/MG_8116.jpg\" rel=\"attachment wp-att-658\"><img loading=\"lazy\" class=\"wp-image-658 alignleft\" src=\"http:\/\/roots.nwcdc.coop\/wp-content\/uploads\/2015\/08\/MG_8116-300x224.jpg\" alt=\"_MG_8116\" width=\"243\" height=\"182\" srcset=\"http:\/\/roots.nwcdc.coop\/wp-content\/uploads\/2015\/08\/MG_8116-300x224.jpg 300w, http:\/\/roots.nwcdc.coop\/wp-content\/uploads\/2015\/08\/MG_8116-1024x764.jpg 1024w, http:\/\/roots.nwcdc.coop\/wp-content\/uploads\/2015\/08\/MG_8116-360x269.jpg 360w, http:\/\/roots.nwcdc.coop\/wp-content\/uploads\/2015\/08\/MG_8116-616x460.jpg 616w, http:\/\/roots.nwcdc.coop\/wp-content\/uploads\/2015\/08\/MG_8116.jpg 1372w\" sizes=\"(max-width: 243px) 100vw, 243px\" \/><\/a><a href=\"http:\/\/roots.nwcdc.coop\/wp-content\/uploads\/2015\/12\/MG_7989-4x5.jpg\" rel=\"attachment wp-att-978\"><img loading=\"lazy\" class=\"wp-image-978 alignnone\" src=\"http:\/\/roots.nwcdc.coop\/wp-content\/uploads\/2015\/12\/MG_7989-4x5-237x300.jpg\" alt=\"MG_7989-4x5\" width=\"153\" height=\"194\" srcset=\"http:\/\/roots.nwcdc.coop\/wp-content\/uploads\/2015\/12\/MG_7989-4x5-237x300.jpg 237w, http:\/\/roots.nwcdc.coop\/wp-content\/uploads\/2015\/12\/MG_7989-4x5.jpg 288w\" sizes=\"(max-width: 153px) 100vw, 153px\" \/><\/a><a href=\"http:\/\/roots.nwcdc.coop\/wp-content\/uploads\/2015\/08\/MG_7958.jpg\" rel=\"attachment wp-att-649\"><img loading=\"lazy\" class=\"wp-image-649 alignright\" src=\"http:\/\/roots.nwcdc.coop\/wp-content\/uploads\/2015\/08\/MG_7958-200x300.jpg\" alt=\"_MG_7958\" width=\"123\" height=\"184\" srcset=\"http:\/\/roots.nwcdc.coop\/wp-content\/uploads\/2015\/08\/MG_7958-200x300.jpg 200w, http:\/\/roots.nwcdc.coop\/wp-content\/uploads\/2015\/08\/MG_7958-683x1024.jpg 683w, http:\/\/roots.nwcdc.coop\/wp-content\/uploads\/2015\/08\/MG_7958-202x303.jpg 202w, http:\/\/roots.nwcdc.coop\/wp-content\/uploads\/2015\/08\/MG_7958-307x460.jpg 307w, http:\/\/roots.nwcdc.coop\/wp-content\/uploads\/2015\/08\/MG_7958.jpg 1024w\" sizes=\"(max-width: 123px) 100vw, 123px\" \/><\/a><\/p>\n<h4 style=\"text-align: center;\"><\/h4>\n<h4 style=\"text-align: center;\"><span style=\"color: #ff9900;\"><a style=\"color: #ff9900;\" href=\"https:\/\/www.crowdrise.com\/100scholarshipsfor10\/fundraiser\/northwestcooperative\"><strong>!Apoye nuestro FONDO de BECAS hoy<\/strong><\/a><\/span><strong>!<\/strong><strong>\u00a0<\/strong><strong>Necesitamos su ayuda para asegurarnos\u00a0de\u00a0que <u>todos<\/u> tengan\u00a0una oportunidad de aprender m\u00e1s\u00a0sobre\u00a0el modelo\u00a0cooperativo de\u00a0negocios y\u00a0c\u00f3mo puede fortalecer su econom\u00eda\u00a0local\u00a0y la comunidad. <\/strong><a href=\"https:\/\/www.crowdrise.com\/100scholarshipsfor10\/fundraiser\/northwestcooperative\"><span style=\"color: #ff9900;\"><strong>Una peque\u00f1a donaci\u00f3n de usted har\u00e1 una gran diferencia para alguien m\u00e1s!<\/strong><\/span><strong>\u00a0<\/strong><\/a><strong>!!Gracias!!<\/strong><\/h4>\n<h4 style=\"text-align: center;\"><\/h4>\n<h2 style=\"text-align: center;\"><strong><a href=\"https:\/\/www.eventbrite.com\/e\/cultivating-cooperative-roots-conference-cultivando-las-raices-de-las-cooperativas-tickets-5604822174\">! Reg\u00edstrese AHORA!<\/a><\/strong><\/h2>\n","protected":false},"excerpt":{"rendered":"<p>\u00a1Esta conferencia es una gran oportunidad para principiantes y expertos por igual! Saldr\u00e1 de esta conferencia con las herramientas necesarias para iniciar, fortalecer o ampliar su cooperativa. \u00a1Desarrolle su red, aprenda nuevas habilidades, coma deliciosa comida local y conozca a algunas excelentes personas! &nbsp; Excelente valor por su dinero! Inscripci\u00f3n a la Conferencia (incluye recepci\u00f3n &hellip; <a href=\"http:\/\/roots.nwcdc.coop\/es\/registrese-hoy-mismo-2\/\" class=\"more-link\">Continue reading <span class=\"screen-reader-text\">\u00a1Reg\u00edstrese Hoy Mismo!<\/span> <span class=\"meta-nav\">&rarr;<\/span><\/a><\/p>\n","protected":false},"author":3,"featured_media":0,"parent":0,"menu_order":0,"comment_status":"closed","ping_status":"closed","template":"","meta":[],"_links":{"self":[{"href":"http:\/\/roots.nwcdc.coop\/es\/wp-json\/wp\/v2\/pages\/1243"}],"collection":[{"href":"http:\/\/roots.nwcdc.coop\/es\/wp-json\/wp\/v2\/pages"}],"about":[{"href":"http:\/\/roots.nwcdc.coop\/es\/wp-json\/wp\/v2\/types\/page"}],"author":[{"embeddable":true,"href":"http:\/\/roots.nwcdc.coop\/es\/wp-json\/wp\/v2\/users\/3"}],"replies":[{"embeddable":true,"href":"http:\/\/roots.nwcdc.coop\/es\/wp-json\/wp\/v2\/comments?post=1243"}],"version-history":[{"count":3,"href":"http:\/\/roots.nwcdc.coop\/es\/wp-json\/wp\/v2\/pages\/1243\/revisions"}],"predecessor-version":[{"id":1247,"href":"http:\/\/roots.nwcdc.coop\/es\/wp-json\/wp\/v2\/pages\/1243\/revisions\/1247"}],"wp:attachment":[{"href":"http:\/\/roots.nwcdc.coop\/es\/wp-json\/wp\/v2\/media?parent=1243"}],"curies":[{"name":"wp","href":"https:\/\/api.w.org\/{rel}","templated":true}]}}